{"id":76,"date":"2020-08-29T08:03:10","date_gmt":"2020-08-29T08:03:10","guid":{"rendered":"https:\/\/lindenschule.online\/?page_id=76"},"modified":"2024-01-16T14:16:19","modified_gmt":"2024-01-16T14:16:19","slug":"zeugnisse","status":"publish","type":"page","link":"https:\/\/lindenschule-schwandorf.de\/?page_id=76","title":{"rendered":"Zeugnisse"},"content":{"rendered":"\n<figure class=\"wp-block-image size-full is-resized\"><img fetchpriority=\"high\" decoding=\"async\" width=\"274\" height=\"184\" src=\"https:\/\/lindenschule-schwandorf.de\/wp-content\/uploads\/2022\/01\/Download.jpg\" alt=\"\" class=\"wp-image-901\" style=\"width:325px;height:219px\"\/><\/figure>\n\n\n\n<h2 class=\"wp-block-heading has-black-color has-text-color\">Das Zwischenzeugnis<\/h2>\n\n\n\n<p class=\"has-black-color has-text-color\">Das&nbsp;Zwischenzeugnis&nbsp;wird am letzten Unterrichtstag der zweiten vollen Unterrichtswoche im Februar ausgestellt.&nbsp;<br>Werden die Zwischenzeugnisse durch dokumentierte&nbsp;Lernentwicklungsgespr\u00e4che&nbsp;ersetzt, finden diese Gespr\u00e4che &#8211; in Absprache mit den Eltern &#8211; im Zeitraum vor dem Zwischenzeugnistermin statt.<br><br>In der&nbsp;Jahrgangsstufe 4&nbsp;erhalten die Sch\u00fclerinnen und Sch\u00fcler im Januar anstatt eines Zwischenzeugnisses eine&nbsp;Zwischeninformation&nbsp;\u00fcber die Leistungen in allen F\u00e4chern. Die Eltern und Erziehungsberechtigten erhalten hierdurch Einblick in den&nbsp;momentanen Leistungsstand ihres Kindes. Dieser Leistungsbericht beinhaltet ausschlie\u00dflich die Jahresfortgangsnoten aller F\u00e4cher und ggf. einen Vorr\u00fcckungshinweis. Es findet keine Kommentierung der Teilbereiche der F\u00e4cher statt.<\/p>\n\n\n\n<h2 class=\"wp-block-heading has-black-color has-text-color\">Das Lernentwicklungsgespr\u00e4ch<\/h2>\n\n\n\n<p class=\"has-black-color has-text-color\">In\u00a0den Jahrgangsstufen 1 bis 3 kann ein dokumentiertes Lernentwicklungsgespr\u00e4ch durchgef\u00fchrt,\u00a0anstatt\u00a0ein Zwischenzeugnis auszustellen.\u00a0<strong><br><\/strong><br><strong>P\u00e4dagogische Vorteile:<\/strong><br>Alle am Lernprozess Beteiligten (Kind, Eltern, Klassenlehrkraft) kommen zu Wort und tauschen sich \u00fcber den aktuellen\u00a0Lern- und Leistungsstand aus. Im Gegensatz zu Zwischenzeugnissen erfolgt dabei eine Beurteilung im Gespr\u00e4ch. Missverst\u00e4ndnisse und Unklarheiten k\u00f6nnen somit sofort\u00a0ausger\u00e4umt werden. St\u00e4rken und Schw\u00e4chen der Lernentwicklung werden angesprochen und gemeinsam beraten; F\u00f6rderm\u00f6glichkeiten und n\u00e4chste Umsetzungsschritte werden aufgezeigt.\u00a0<br><br><strong>Ablauf:\u00a0<\/strong><br>Im Januar erhalten Sie als Eltern Terminvorschl\u00e4ge. Nach der Vereinbarung eines Termins (au\u00dferhalb der Unterrichtszeit) f\u00fcllen sowohl das Kind als auch die Lehrkraft einen Einsch\u00e4tzungsbogen aus. Er dient unter anderem als Grundlage f\u00fcr ein ca. 30 min\u00fctiges Gespr\u00e4ch, das die Lehrkraft im Beisein der Eltern mit dem Kind f\u00fchrt. Abschlie\u00dfend wird mit dem Kind eine konkrete und entwicklungsgerechte formulierte Zielvereinbarung geschlossen, um das k\u00fcnftige Lernen gemeinsam im Sinne einer Bildungs- und Erziehungspartnerschaft zu optimieren.<\/p>\n\n\n\n<h2 class=\"wp-block-heading has-black-color has-text-color\">Das \u00dcbertrittszeugnis<\/h2>\n\n\n\n<p class=\"has-black-color has-text-color\">Am ersten Unterrichtstag im Mai erhalten alle Sch\u00fclerinnen und Sch\u00fcler der&nbsp;Jahrgangsstufe 4&nbsp;ein&nbsp;\u00dcbertrittszeugnis.&nbsp;<br>Das&nbsp;\u00dcbertrittszeugnis&nbsp;beinhaltet:<br><br>&nbsp; &nbsp; &nbsp;\u2022  <span style=\"font-size: revert;\">die Note in den F\u00e4chern Deutsch, Mathematik und Heimat- und Sachunterricht und der daraus resultierende Notendurchschnitt<\/span><br>&nbsp; &nbsp; &nbsp;\u2022 eine zusammenfassende Beurteilung, in der die Eignung f\u00fcr den weiteren Bildungsweg festgestellt wird.<\/p>\n\n\n\n<h2 class=\"wp-block-heading has-black-color has-text-color\">Das Jahreszeugnis<\/h2>\n\n\n\n<p class=\"has-black-color has-text-color\">Das&nbsp;Jahreszeugnis&nbsp;wird am letzten Unterrichtstag des Schuljahres ausgestellt.&nbsp;<br><br><strong>Jahrgangsstufe 1<br><\/strong>Das Jahreszeugnis beinhaltet&nbsp;einen Bericht mit Beobachtungen insbesondere<br>\u2022 zum Sozialverhalten<br>\u2022 zum Lern- und Arbeitsverhalten<br>\u2022 zum Leistungsstand in den einzelnen F\u00e4chern<br>\u2022 zu den individuellen Lernfortschritten<br><br><strong>Jahrgangsstufen 2, 3, 4<\/strong><br>Das Jahreszeugnis beinhaltet insbesondere<br>\u2022 Bewertungen des&nbsp;Sozialverhaltens sowie des Lern- und Arbeitsverhaltens<br>\u2022 Noten in&nbsp;den&nbsp;Pflichtf\u00e4chern<br>\u2022&nbsp;zus\u00e4tzliche Erl\u00e4uterungen zu den Noten in Deutsch und Mathematik<\/p>\n","protected":false},"excerpt":{"rendered":"<p>Das Zwischenzeugnis Das&nbsp;Zwischenzeugnis&nbsp;wird am letzten Unterrichtstag der zweiten vollen Unterrichtswoche im Februar ausgestellt.&nbsp;Werden die Zwischenzeugnisse durch dokumentierte&nbsp;Lernentwicklungsgespr\u00e4che&nbsp;ersetzt, finden diese Gespr\u00e4che &#8211; in Absprache mit den Eltern &#8211; im Zeitraum vor dem Zwischenzeugnistermin statt. In der&nbsp;Jahrgangsstufe 4&nbsp;erhalten die Sch\u00fclerinnen und Sch\u00fcler im Januar anstatt eines Zwischenzeugnisses eine&nbsp;Zwischeninformation&nbsp;\u00fcber die Leistungen in allen F\u00e4chern. Die Eltern und Erziehungsberechtigten &hellip; <\/p>\n<p class=\"link-more\"><a href=\"https:\/\/lindenschule-schwandorf.de\/?page_id=76\" class=\"more-link\"><span class=\"screen-reader-text\">\u201eZeugnisse\u201c<\/span> weiterlesen<\/a><\/p>\n","protected":false},"author":1,"featured_media":0,"parent":0,"menu_order":0,"comment_status":"closed","ping_status":"closed","template":"","meta":{"footnotes":""},"class_list":["post-76","page","type-page","status-publish","hentry"],"_links":{"self":[{"href":"https:\/\/lindenschule-schwandorf.de\/index.php?rest_route=\/wp\/v2\/pages\/76","targetHints":{"allow":["GET"]}}],"collection":[{"href":"https:\/\/lindenschule-schwandorf.de\/index.php?rest_route=\/wp\/v2\/pages"}],"about":[{"href":"https:\/\/lindenschule-schwandorf.de\/index.php?rest_route=\/wp\/v2\/types\/page"}],"author":[{"embeddable":true,"href":"https:\/\/lindenschule-schwandorf.de\/index.php?rest_route=\/wp\/v2\/users\/1"}],"replies":[{"embeddable":true,"href":"https:\/\/lindenschule-schwandorf.de\/index.php?rest_route=%2Fwp%2Fv2%2Fcomments&post=76"}],"version-history":[{"count":6,"href":"https:\/\/lindenschule-schwandorf.de\/index.php?rest_route=\/wp\/v2\/pages\/76\/revisions"}],"predecessor-version":[{"id":1848,"href":"https:\/\/lindenschule-schwandorf.de\/index.php?rest_route=\/wp\/v2\/pages\/76\/revisions\/1848"}],"wp:attachment":[{"href":"https:\/\/lindenschule-schwandorf.de\/index.php?rest_route=%2Fwp%2Fv2%2Fmedia&parent=76"}],"curies":[{"name":"wp","href":"https:\/\/api.w.org\/{rel}","templated":true}]}}