{"id":74,"date":"2020-08-29T08:02:57","date_gmt":"2020-08-29T08:02:57","guid":{"rendered":"https:\/\/lindenschule.online\/?page_id=74"},"modified":"2022-01-26T11:25:30","modified_gmt":"2022-01-26T11:25:30","slug":"uebertritt","status":"publish","type":"page","link":"https:\/\/lindenschule-schwandorf.de\/?page_id=74","title":{"rendered":"\u00dcbertritt"},"content":{"rendered":"\n<h2 class=\"has-black-color has-text-color wp-block-heading\">Wie geht es weiter nach der Grundschule?<\/h2>\n\n\n\n<p class=\"has-black-color has-text-color\">Mit Ende der 4. Klasse steht ein Schulwechsel bevor. Wir begleiten und informieren Sie gerne in dem Prozess der Entscheidung \u00fcber die richtige Schulwahl f\u00fcr Ihr Kind.<\/p>\n\n\n\n<p class=\"has-black-color has-text-color\">Um sich ein Bild von den verschiedenen M\u00f6glichkeiten zu machen, findet im <strong>November <\/strong>des 4. <strong>Schuljahres <\/strong>ein Informationsabend f\u00fcr die <strong>Eltern <\/strong>statt. Neben den \u00dcbertrittsbestimmungen werden auch die Profile der weiterf\u00fchrenden Schulen (Mittelschule, Realschule, Gymnasium) von <strong>Vertretern der jeweiligen Schulart<\/strong> vorgestellt.<\/p>\n\n\n\n<p class=\"has-black-color has-text-color\">F\u00fcr eine individuelle Beratung ist die Klassenlehrkraft der erste Ansprechpartner. Sollten Sie den Wunsch einer weiterf\u00fchrenden Beratung und Begleitung haben, stehen Ihnen die Schulpsychologin und Beratungslehrkraft (siehe Punkt &#8222;Schulberatung) zur Verf\u00fcgung.<\/p>\n\n\n\n<h2 class=\"has-black-color has-text-color wp-block-heading\">Das \u00dcbertrittsverfahren<\/h2>\n\n\n\n<p class=\"has-black-color has-text-color\">Anfang Mai erhalten alle Sch\u00fclerinnen und Sch\u00fcler der Jahrgangsstufe 4 ein \u00dcbertrittszeugnis.<br><br>Es enth\u00e4lt:<\/p>\n\n\n\n<ul class=\"has-black-color has-text-color wp-block-list\"><li>die Note in den F\u00e4chern Deutsch, Mathematik und Heimat- und Sachunterricht und der daraus resultierende Notendurchschnitt<\/li><li>eine zusammenfassende Schullaufbahnempfehlung, in der die derzeitige Eignung f\u00fcr den weiteren Bildungsweg festgestellt wird.<br><br>Damit wird sichergestellt, dass alle Erziehungsberechtigten Kenntnis \u00fcber die Bildungswegeignung ihres Kindes haben.<\/li><\/ul>\n\n\n\n<h2 class=\"has-black-color has-text-color wp-block-heading\"> Wichtige \u00dcbertrittsvoraussetzungen: <\/h2>\n\n\n\n<figure class=\"wp-block-image size-full is-style-default\"><img fetchpriority=\"high\" decoding=\"async\" width=\"1000\" height=\"670\" src=\"https:\/\/lindenschule-schwandorf.de\/wp-content\/uploads\/2021\/10\/UEbertrittsregelungen.jpg\" alt=\"\" class=\"wp-image-705\" srcset=\"https:\/\/lindenschule-schwandorf.de\/wp-content\/uploads\/2021\/10\/UEbertrittsregelungen.jpg 1000w, https:\/\/lindenschule-schwandorf.de\/wp-content\/uploads\/2021\/10\/UEbertrittsregelungen-300x201.jpg 300w, https:\/\/lindenschule-schwandorf.de\/wp-content\/uploads\/2021\/10\/UEbertrittsregelungen-768x515.jpg 768w\" sizes=\"(max-width: 706px) 89vw, (max-width: 767px) 82vw, 740px\" \/><\/figure>\n\n\n\n<div class=\"wp-block-file\"><a href=\"https:\/\/lindenschule-schwandorf.de\/wp-content\/uploads\/2021\/10\/UEbertrittsregelungen-1.jpg\">\u00dcbertrittsverfahren<\/a><a href=\"https:\/\/lindenschule-schwandorf.de\/wp-content\/uploads\/2021\/10\/UEbertrittsregelungen-1.jpg\" class=\"wp-block-file__button\" download>Herunterladen<\/a><\/div>\n\n\n\n<p><\/p>\n\n\n\n<p class=\"has-black-color has-text-color\">Bei einem Gesamtnotendurchschnitt der F\u00e4cher Deutsch, Mathematik sowie Heimat- und Sachunterricht bis einschlie\u00dflich&nbsp;<strong>2,33<\/strong>&nbsp;erh\u00e4lt die Sch\u00fclerin bzw. der Sch\u00fcler eine Schullaufbahnempfehlung f\u00fcr den&nbsp;<strong>Besuch eines Gymnasiums<\/strong>.<\/p>\n\n\n\n<p class=\"has-black-color has-text-color\">Bei einem Gesamtnotendurchschnitt der F\u00e4cher Deutsch, Mathematik sowie Heimat- und Sachunterricht bis einschlie\u00dflich&nbsp;<strong>2,66<\/strong>&nbsp;erh\u00e4lt die Sch\u00fclerin bzw. der Sch\u00fcler eine Schullaufbahnempfehlung f\u00fcr den&nbsp;<strong>Besuch einer Realschule<\/strong>.<\/p>\n\n\n\n<p class=\"has-black-color has-text-color\">Bei einem Gesamtnotendurchschnitt der F\u00e4cher Deutsch, Mathematik sowie Heimat- und Sachunterricht ab&nbsp;<strong>3,00<\/strong>&nbsp;erh\u00e4lt die Sch\u00fclerin bzw. der Sch\u00fcler eine Schullaufbahnempfehlung f\u00fcr den&nbsp;<strong>Besuch einer Mittelschule<\/strong>.<\/p>\n\n\n\n<p class=\"has-black-color has-text-color\"><strong>\u00dcbertritt an die weiterf\u00fchrenden Schularten<\/strong><br>Liegt eine entsprechende Schullaufbahnempfehlung vor, k\u00f6nnen die Sch\u00fclerinnen und Sch\u00fcler unmittelbar nach dem Besuch der Jahrgangsstufe 4 der Grundschule in die Jahrgangsstufe 5 der jeweiligen weiterf\u00fchrenden Schulart \u00fcbertreten.<\/p>\n\n\n\n<p class=\"has-black-color has-text-color\"><strong>\u00dcbertritt an die weiterf\u00fchrenden Schularten nach Besuch des Probeunterrichts<\/strong><br>Sch\u00fclerinnen und Sch\u00fcler, die im \u00dcbertrittszeugnis der Jahrgangsstufe 4 keine entsprechende Schullaufbahnempfehlung f\u00fcr die gew\u00fcnschte weiterf\u00fchrende Schulart erhalten haben, k\u00f6nnen auf Antrag der Erziehungsberechtigten &#8211; unabh\u00e4ngig von den in der Grundschule erreichten Noten &#8211; am Probeunterricht des Gymnasiums bzw. der Realschule teilnehmen.<\/p>\n\n\n\n<p class=\"has-black-color has-text-color\">Der Probeunterricht wird in den beiden F\u00e4chern Deutsch und Mathematik abgehalten. Der Probeunterricht ist bestanden, wenn in einem Fach mindestens die Note 3 und im anderen Fach mindestens die Note 4 erreicht wird. Wird in beiden F\u00e4chern die Note 4 erreicht, ist es die Entscheidung der Eltern, welche Schulart das Kind besucht. Bei schlechteren Noten ist der Probeunterricht nicht bestanden.<\/p>\n","protected":false},"excerpt":{"rendered":"<p>Wie geht es weiter nach der Grundschule? Mit Ende der 4. Klasse steht ein Schulwechsel bevor. Wir begleiten und informieren Sie gerne in dem Prozess der Entscheidung \u00fcber die richtige Schulwahl f\u00fcr Ihr Kind. Um sich ein Bild von den verschiedenen M\u00f6glichkeiten zu machen, findet im November des 4. Schuljahres ein Informationsabend f\u00fcr die Eltern &hellip; <\/p>\n<p class=\"link-more\"><a href=\"https:\/\/lindenschule-schwandorf.de\/?page_id=74\" class=\"more-link\"><span class=\"screen-reader-text\">\u201e\u00dcbertritt\u201c<\/span> weiterlesen<\/a><\/p>\n","protected":false},"author":1,"featured_media":0,"parent":0,"menu_order":0,"comment_status":"closed","ping_status":"closed","template":"","meta":{"footnotes":""},"class_list":["post-74","page","type-page","status-publish","hentry"],"_links":{"self":[{"href":"https:\/\/lindenschule-schwandorf.de\/index.php?rest_route=\/wp\/v2\/pages\/74","targetHints":{"allow":["GET"]}}],"collection":[{"href":"https:\/\/lindenschule-schwandorf.de\/index.php?rest_route=\/wp\/v2\/pages"}],"about":[{"href":"https:\/\/lindenschule-schwandorf.de\/index.php?rest_route=\/wp\/v2\/types\/page"}],"author":[{"embeddable":true,"href":"https:\/\/lindenschule-schwandorf.de\/index.php?rest_route=\/wp\/v2\/users\/1"}],"replies":[{"embeddable":true,"href":"https:\/\/lindenschule-schwandorf.de\/index.php?rest_route=%2Fwp%2Fv2%2Fcomments&post=74"}],"version-history":[{"count":9,"href":"https:\/\/lindenschule-schwandorf.de\/index.php?rest_route=\/wp\/v2\/pages\/74\/revisions"}],"predecessor-version":[{"id":918,"href":"https:\/\/lindenschule-schwandorf.de\/index.php?rest_route=\/wp\/v2\/pages\/74\/revisions\/918"}],"wp:attachment":[{"href":"https:\/\/lindenschule-schwandorf.de\/index.php?rest_route=%2Fwp%2Fv2%2Fmedia&parent=74"}],"curies":[{"name":"wp","href":"https:\/\/api.w.org\/{rel}","templated":true}]}}