{"id":70,"date":"2020-08-29T08:02:36","date_gmt":"2020-08-29T08:02:36","guid":{"rendered":"https:\/\/lindenschule.online\/?page_id=70"},"modified":"2025-02-07T14:45:19","modified_gmt":"2025-02-07T14:45:19","slug":"einschulung","status":"publish","type":"page","link":"https:\/\/lindenschule-schwandorf.de\/?page_id=70","title":{"rendered":"Einschulung"},"content":{"rendered":"\n<figure class=\"wp-block-image size-full is-style-default\"><img fetchpriority=\"high\" decoding=\"async\" width=\"613\" height=\"257\" src=\"https:\/\/lindenschule-schwandorf.de\/wp-content\/uploads\/2021\/11\/german-text-einschulung-translate-enrollment-260nw-1386354920.jpg\" alt=\"\" class=\"wp-image-744\" srcset=\"https:\/\/lindenschule-schwandorf.de\/wp-content\/uploads\/2021\/11\/german-text-einschulung-translate-enrollment-260nw-1386354920.jpg 613w, https:\/\/lindenschule-schwandorf.de\/wp-content\/uploads\/2021\/11\/german-text-einschulung-translate-enrollment-260nw-1386354920-300x126.jpg 300w\" sizes=\"(max-width: 613px) 100vw, 613px\" \/><\/figure>\n\n\n\n<h2 class=\"wp-block-heading has-black-color has-text-color\">Welche Kinder sind schulpflichtig?<\/h2>\n\n\n\n<p class=\"has-black-color has-text-color\">Regul\u00e4r schulpflichtig f\u00fcr das Schuljahr 2024\/25 sind alle Kinder, die bis zum 30. September 2025 sechs Jahre alt werden.<br><br>Allerdings k\u00f6nnen Kinder, die erst im Oktober, November oder Dezember sechs Jahre alt werden, auf Antrag der Eltern auch eingeschult werden, wenn die Schulf\u00e4higkeit gegeben ist. Die letzte Entscheidung \u00fcber eine Aufnahme in die Schule tr\u00e4gt die Schulleitung.<br><br>Seit einigen Jahren wurde f\u00fcr Kinder, die zwischen dem 1. Juli und dem 30. September sechs Jahre alt werden, ein Einschulungskorridor eingef\u00fchrt. Die Eltern entscheiden nach Beratung und Empfehlung der Schule, ob ihr Kind zum kommenden Schuljahr oder erst ein Jahr sp\u00e4ter eingeschult wird. <br><br>Zur Einschulung f\u00fcr das Schuljahr 2024\/2025: Wenn die Erziehungsberechtigten die Einschulung auf das folgende Schuljahr verschieben m\u00f6chten, m\u00fcssen sie dies der Schule bis sp\u00e4testens 19.03.2025, schriftlich mitteilen.<\/p>\n\n\n\n<h2 class=\"wp-block-heading has-black-color has-text-color\">Wann ist ein Kind schulf\u00e4hig?<\/h2>\n\n\n\n<p class=\"has-black-color has-text-color\">Ein Kind gilt als schulf\u00e4hig, wenn es geistig, sozial und emotional so weit entwickelt ist, dass es voraussichtlich erfolgreich am Unterricht teilnehmen kann.<br><br>Die Entscheidung \u00fcber die Aufnahme bzw. Zur\u00fcckstellung trifft die Schulleitung. Es handelt sich dabei um eine Einzelfallentscheidung, die nach sorgf\u00e4ltiger Pr\u00fcfung getroffen wird. Die Einsch\u00e4tzung der Erziehungsberechtigten wird dabei ebenso einbezogen wie das Ergebnis der Schuleingangsuntersuchung und \u2013 bei vorliegender Einwilligung der Erziehungsberechtigten \u2013 die Einsch\u00e4tzung des Kindergartens.&nbsp; Wichtig sind auch die Beobachtungen, die die Lehrkraft im Schulspiel bei der Schulanmeldung macht. In Zweifelsf\u00e4llen k\u00f6nnen eine Beratungslehrkraft, ein Schulpsychologe oder weitere Beratungsdienste beteiligt werden.<\/p>\n\n\n\n<div data-wp-interactive=\"core\/file\" class=\"wp-block-file\"><object data-wp-bind--hidden=\"!state.hasPdfPreview\" hidden class=\"wp-block-file__embed\" data=\"https:\/\/lindenschule-schwandorf.de\/wp-content\/uploads\/2021\/10\/Benoetigte-Kompetenzen-zur-Einschulung.pdf\" type=\"application\/pdf\" style=\"width:100%;height:600px\" aria-label=\"Einbettung von Ben\u00f6tigte Kompetenzen zur Einschulung.\"><\/object><a id=\"wp-block-file--media-7c4fae57-728f-42c1-af7d-68a7f0c9c5e4\" href=\"https:\/\/lindenschule-schwandorf.de\/wp-content\/uploads\/2021\/10\/Benoetigte-Kompetenzen-zur-Einschulung.pdf\">Ben\u00f6tigte Kompetenzen zur Einschulung<\/a><a href=\"https:\/\/lindenschule-schwandorf.de\/wp-content\/uploads\/2021\/10\/Benoetigte-Kompetenzen-zur-Einschulung.pdf\" class=\"wp-block-file__button wp-element-button\" download aria-describedby=\"wp-block-file--media-7c4fae57-728f-42c1-af7d-68a7f0c9c5e4\">Herunterladen<\/a><\/div>\n\n\n\n<div data-wp-interactive=\"core\/file\" class=\"wp-block-file\"><object data-wp-bind--hidden=\"!state.hasPdfPreview\" hidden class=\"wp-block-file__embed\" data=\"https:\/\/lindenschule-schwandorf.de\/wp-content\/uploads\/2021\/10\/Anregungen-die-den-Schulstart-erleichtern.pdf\" type=\"application\/pdf\" style=\"width:100%;height:600px\" aria-label=\"Einbettung von Anregungen, die den Schulstart erleichtern.\"><\/object><a id=\"wp-block-file--media-b413fc72-e60e-44c5-8f2e-e11a2d3fa4e1\" href=\"https:\/\/lindenschule-schwandorf.de\/wp-content\/uploads\/2021\/10\/Anregungen-die-den-Schulstart-erleichtern.pdf\">Anregungen, die den Schulstart erleichtern<\/a><a href=\"https:\/\/lindenschule-schwandorf.de\/wp-content\/uploads\/2021\/10\/Anregungen-die-den-Schulstart-erleichtern.pdf\" class=\"wp-block-file__button wp-element-button\" download aria-describedby=\"wp-block-file--media-b413fc72-e60e-44c5-8f2e-e11a2d3fa4e1\">Herunterladen<\/a><\/div>\n\n\n\n<p><\/p>\n","protected":false},"excerpt":{"rendered":"<p>Welche Kinder sind schulpflichtig? Regul\u00e4r schulpflichtig f\u00fcr das Schuljahr 2024\/25 sind alle Kinder, die bis zum 30. September 2025 sechs Jahre alt werden. Allerdings k\u00f6nnen Kinder, die erst im Oktober, November oder Dezember sechs Jahre alt werden, auf Antrag der Eltern auch eingeschult werden, wenn die Schulf\u00e4higkeit gegeben ist. Die letzte Entscheidung \u00fcber eine Aufnahme &hellip; <\/p>\n<p class=\"link-more\"><a href=\"https:\/\/lindenschule-schwandorf.de\/?page_id=70\" class=\"more-link\"><span class=\"screen-reader-text\">\u201eEinschulung\u201c<\/span> weiterlesen<\/a><\/p>\n","protected":false},"author":1,"featured_media":0,"parent":0,"menu_order":0,"comment_status":"closed","ping_status":"closed","template":"","meta":{"footnotes":""},"class_list":["post-70","page","type-page","status-publish","hentry"],"_links":{"self":[{"href":"https:\/\/lindenschule-schwandorf.de\/index.php?rest_route=\/wp\/v2\/pages\/70","targetHints":{"allow":["GET"]}}],"collection":[{"href":"https:\/\/lindenschule-schwandorf.de\/index.php?rest_route=\/wp\/v2\/pages"}],"about":[{"href":"https:\/\/lindenschule-schwandorf.de\/index.php?rest_route=\/wp\/v2\/types\/page"}],"author":[{"embeddable":true,"href":"https:\/\/lindenschule-schwandorf.de\/index.php?rest_route=\/wp\/v2\/users\/1"}],"replies":[{"embeddable":true,"href":"https:\/\/lindenschule-schwandorf.de\/index.php?rest_route=%2Fwp%2Fv2%2Fcomments&post=70"}],"version-history":[{"count":6,"href":"https:\/\/lindenschule-schwandorf.de\/index.php?rest_route=\/wp\/v2\/pages\/70\/revisions"}],"predecessor-version":[{"id":2575,"href":"https:\/\/lindenschule-schwandorf.de\/index.php?rest_route=\/wp\/v2\/pages\/70\/revisions\/2575"}],"wp:attachment":[{"href":"https:\/\/lindenschule-schwandorf.de\/index.php?rest_route=%2Fwp%2Fv2%2Fmedia&parent=70"}],"curies":[{"name":"wp","href":"https:\/\/api.w.org\/{rel}","templated":true}]}}