{"id":48,"date":"2020-08-29T07:56:46","date_gmt":"2020-08-29T07:56:46","guid":{"rendered":"https:\/\/lindenschule.online\/?page_id=48"},"modified":"2024-01-16T13:56:46","modified_gmt":"2024-01-16T13:56:46","slug":"koop-klassen","status":"publish","type":"page","link":"https:\/\/lindenschule-schwandorf.de\/?page_id=48","title":{"rendered":"Koop.-Klassen"},"content":{"rendered":"\n<figure class=\"wp-block-image size-large\"><img fetchpriority=\"high\" decoding=\"async\" width=\"1024\" height=\"381\" src=\"https:\/\/lindenschule-schwandorf.de\/wp-content\/uploads\/2022\/01\/unterricht-1024x381.jpg\" alt=\"\" class=\"wp-image-895\" srcset=\"https:\/\/lindenschule-schwandorf.de\/wp-content\/uploads\/2022\/01\/unterricht-1024x381.jpg 1024w, https:\/\/lindenschule-schwandorf.de\/wp-content\/uploads\/2022\/01\/unterricht-300x112.jpg 300w, https:\/\/lindenschule-schwandorf.de\/wp-content\/uploads\/2022\/01\/unterricht-768x286.jpg 768w, https:\/\/lindenschule-schwandorf.de\/wp-content\/uploads\/2022\/01\/unterricht-1536x572.jpg 1536w, https:\/\/lindenschule-schwandorf.de\/wp-content\/uploads\/2022\/01\/unterricht.jpg 2040w\" sizes=\"(max-width: 706px) 89vw, (max-width: 767px) 82vw, 740px\" \/><\/figure>\n\n\n\n<p class=\"has-black-color has-text-color\">Seit einigen Jahren gibt es an der Linden-Grundschule Kooperationsklassen.<br>Im Schuljahr 2023\/24 werden drei Kooperationsklassen gef\u00fchrt.<\/p>\n\n\n\n<h2 class=\"wp-block-heading has-black-color has-text-color\">Was sind Kooperationsklassen?<\/h2>\n\n\n\n<p class=\"has-black-color has-text-color\">Das Wort &#8218;Kooperationsklasse&#8216; leitet sich von dem lateinischen cooperare = zusammenarbeiten ab. Kooperationsklasse hei\u00dft demnach Zusammenwirken und gemeinsames Lernen.<br>Eine Kooperationsklasse ist eine Klasse mit besonderem p\u00e4dagogischem Auftrag.<br><br>Sch\u00fcler mit geringem sonderp\u00e4dagogischem F\u00f6rderbedarf&nbsp;werden&nbsp;&nbsp;an&nbsp;&nbsp;der&nbsp;&nbsp;allgemeinen&nbsp;Schule&nbsp;&nbsp;mit Kindern ohne besonderen F\u00f6rderbedarf&nbsp;gemeinsam&nbsp;unterrichtet. Diese Sch\u00fcler m\u00fcssen die Anforderungen an der Schule im Wesentlichen erf\u00fcllen. Grund- und F\u00f6rderschullehrkraft (MSD) arbeiten in Erziehung, Unterricht, Diagnostik und F\u00f6rderung eng zusammen. In den Kooperationsklassen wird nach dem Lehrplan der Grundschule unterrichtet.<br><br>Der Grundsatz der gemeinsamen Arbeit lautet: &#8218;So viel gemeinsam wie m\u00f6glich, so viel getrennt wie n\u00f6tig!&#8216;<\/p>\n\n\n\n<h2 class=\"wp-block-heading has-black-color has-text-color\">Organisation<\/h2>\n\n\n\n<ul class=\"has-black-color has-text-color wp-block-list\">\n<li>In der Regel sind 3-6 Sch\u00fclerInnen mit sonderp\u00e4dagogischem F\u00f6rderbedarf in einer Kooperationsklasse.<\/li>\n\n\n\n<li>Kooperationsklassen haben in der Regel eine geringere Sch\u00fclerzahl als die anderen Klassen.<\/li>\n\n\n\n<li>Das Einverst\u00e4ndnis des Sachaufwandstr\u00e4gers ist n\u00f6tig.<\/li>\n\n\n\n<li>Die Genehmigung zur Errichtung einer Kooperationsklasse wird durch das zust\u00e4ndige Schulamt erteilt.<\/li>\n\n\n\n<li>Die Klassenlehrkraft wird regelm\u00e4\u00dfig mit einigen Stunden pro Woche durch den MSD unterst\u00fctzt.<\/li>\n<\/ul>\n\n\n\n<h2 class=\"wp-block-heading has-black-color has-text-color\">Unterrichtsarbeit<\/h2>\n\n\n\n<p class=\"has-black-color has-text-color\">Eine Kooperationsklasse in der Eingangsstufe bietet eine besonders gute Chance, durch die spezielle F\u00f6rderung im gemeinsamen Unterricht erfolgreich zu lernen:<\/p>\n\n\n\n<ul class=\"has-black-color has-text-color wp-block-list\">\n<li>Grundlage ist ein gemeinsam von Grundschul- und Sonderschullehrkraft erstellter und gef\u00fchrter&nbsp;<em>F\u00f6rderplan<\/em><\/li>\n\n\n\n<li>Auch die Sch\u00fcler mit sonderp\u00e4dagogischem F\u00f6rderbedarf nehmen am gemeinsamen stundenplanm\u00e4\u00dfigen Unterricht teil, sie erhalten jedoch zus\u00e4tzlich F\u00f6rderma\u00dfnahmen durch den jeweiligen Sonderschullehrer<\/li>\n\n\n\n<li>Diese zus\u00e4tzlichen F\u00f6rderma\u00dfnahmen k\u00f6nnen sehr unterschiedlich sein und sind den Bed\u00fcrfnissen der Sch\u00fclerInnen angepasst<\/li>\n\n\n\n<li>Die F\u00f6rderschullehrer unterrichten teilweise feste Kleingruppen parallel zum regul\u00e4ren Unterricht, teilweise unterst\u00fctzen sie binnendifferenzierend den allgemeinen Unterricht<\/li>\n\n\n\n<li>Die beiden Lehrkr\u00e4fte arbeiten in allen Bereichen zusammen, erproben effektive Formen von Teamarbeit und Teamteaching<\/li>\n\n\n\n<li>Kernaufgabe ist die Gestaltung&nbsp;<em>differenzierter&nbsp;<\/em><em><\/em><em>Unterrichtsangebote<\/em>.&nbsp; Diese Angebote kommen&nbsp;<em>allen<\/em>&nbsp;Sch\u00fclern der Klasse zu Gute<\/li>\n\n\n\n<li>Intensive Zusammenarbeit mit den Eltern wirkt sich positiv auf die Entwicklung des Kindes aus<\/li>\n<\/ul>\n\n\n\n<p class=\"has-black-color has-text-color\">Die Kooperationsklassen sind ein wichtiges Angebot f\u00fcr Kinder mit sonderp\u00e4dagogischem F\u00f6rderbedarf. Mehr Kinder als zuvor k\u00f6nnen mit der zus\u00e4tzlichen Begleitung und F\u00f6rderung des MSD in der Allgemeinen Schule unterrichtet werden.<\/p>\n\n\n\n<h2 class=\"wp-block-heading has-black-color has-text-color\">Kooperationsklasse &#8211; davon profitieren alle!<\/h2>\n\n\n\n<p class=\"has-black-color has-text-color\">Es gilt das Prinzip der Normalit\u00e4t. Die Klassengemeinschaft einer Kooperationsklasse braucht eine heterogene Sch\u00fclerschaft. Leistungsstarke Sch\u00fcler k\u00f6nnen eine wichtige Vorbildfunktion \u00fcbernehmen und ihre Mitsch\u00fcler unterst\u00fctzen und ihnen helfen. Die Kooperationssch\u00fcler finden in der Kooperationsklasse die Chance vor, im schulischen Wettbewerb konkurrenzf\u00e4hig zu sein und den schulischen Anschluss zu erreichen.<\/p>\n\n\n\n<p class=\"has-black-color has-text-color\">Bekanntlich hat die Bundesregierung mit der Ratifizierung der UN-Konvention, die am 26.M\u00e4rz 2009 als Bundesgesetz in Kraft getreten ist, auch den Artikel 24 unterzeichnet, in dem sich Vertragsstaaten auf ein <strong>&#8218;inklusives&nbsp;&nbsp;Bildungssystem&nbsp;&nbsp;auf&nbsp;&nbsp;allen&nbsp;&nbsp;Ebenen&#8216;<\/strong>&nbsp; verpflichten. Damit stellt sich auch f\u00fcr Bayern die Aufgabe, allen Kindern und Jugendlichen mit sonderp\u00e4dagogischem F\u00f6rderbedarf zusammen mit ihren Eltern den Weg in die Allgemeine Schule zu erm\u00f6glichen, wenn sie das w\u00fcnschen.<\/p>\n\n\n\n<p class=\"has-black-color has-text-color\">Kooperationsklassen sind unbestreitbar ein wichtiger Schritt auf dem Weg zu einem inklusiven Bildungssystem in Bayern.<\/p>\n","protected":false},"excerpt":{"rendered":"<p>Seit einigen Jahren gibt es an der Linden-Grundschule Kooperationsklassen.Im Schuljahr 2023\/24 werden drei Kooperationsklassen gef\u00fchrt. Was sind Kooperationsklassen? Das Wort &#8218;Kooperationsklasse&#8216; leitet sich von dem lateinischen cooperare = zusammenarbeiten ab. Kooperationsklasse hei\u00dft demnach Zusammenwirken und gemeinsames Lernen.Eine Kooperationsklasse ist eine Klasse mit besonderem p\u00e4dagogischem Auftrag. Sch\u00fcler mit geringem sonderp\u00e4dagogischem F\u00f6rderbedarf&nbsp;werden&nbsp;&nbsp;an&nbsp;&nbsp;der&nbsp;&nbsp;allgemeinen&nbsp;Schule&nbsp;&nbsp;mit Kindern ohne besonderen F\u00f6rderbedarf&nbsp;gemeinsam&nbsp;unterrichtet. Diese &hellip; <\/p>\n<p class=\"link-more\"><a href=\"https:\/\/lindenschule-schwandorf.de\/?page_id=48\" class=\"more-link\"><span class=\"screen-reader-text\">\u201eKoop.-Klassen\u201c<\/span> weiterlesen<\/a><\/p>\n","protected":false},"author":1,"featured_media":0,"parent":0,"menu_order":0,"comment_status":"closed","ping_status":"closed","template":"","meta":{"footnotes":""},"class_list":["post-48","page","type-page","status-publish","hentry"],"_links":{"self":[{"href":"https:\/\/lindenschule-schwandorf.de\/index.php?rest_route=\/wp\/v2\/pages\/48","targetHints":{"allow":["GET"]}}],"collection":[{"href":"https:\/\/lindenschule-schwandorf.de\/index.php?rest_route=\/wp\/v2\/pages"}],"about":[{"href":"https:\/\/lindenschule-schwandorf.de\/index.php?rest_route=\/wp\/v2\/types\/page"}],"author":[{"embeddable":true,"href":"https:\/\/lindenschule-schwandorf.de\/index.php?rest_route=\/wp\/v2\/users\/1"}],"replies":[{"embeddable":true,"href":"https:\/\/lindenschule-schwandorf.de\/index.php?rest_route=%2Fwp%2Fv2%2Fcomments&post=48"}],"version-history":[{"count":7,"href":"https:\/\/lindenschule-schwandorf.de\/index.php?rest_route=\/wp\/v2\/pages\/48\/revisions"}],"predecessor-version":[{"id":1843,"href":"https:\/\/lindenschule-schwandorf.de\/index.php?rest_route=\/wp\/v2\/pages\/48\/revisions\/1843"}],"wp:attachment":[{"href":"https:\/\/lindenschule-schwandorf.de\/index.php?rest_route=%2Fwp%2Fv2%2Fmedia&parent=48"}],"curies":[{"name":"wp","href":"https:\/\/api.w.org\/{rel}","templated":true}]}}