{"id":46,"date":"2020-08-29T07:56:21","date_gmt":"2020-08-29T07:56:21","guid":{"rendered":"https:\/\/lindenschule.online\/?page_id=46"},"modified":"2021-10-19T08:34:41","modified_gmt":"2021-10-19T08:34:41","slug":"klasse-2000","status":"publish","type":"page","link":"https:\/\/lindenschule-schwandorf.de\/?page_id=46","title":{"rendered":"Klasse 2000"},"content":{"rendered":"\n<h2 class=\"has-black-color has-text-color wp-block-heading\">Klasse 2000 &#8211; Gesund mit Klaro<\/h2>\n\n\n\n<p class=\"has-black-color has-text-color\">Alle drei ersten Klassen der Lindenschule starten mit dem Projekt &#8220; Klasse 2000&#8243;. Sie nehmen teil am Unterrichtsprogramm zur Gesundheitsf\u00f6rderung, Gewalt- und Suchtvorbeugung f\u00fcr Kinder im Grundschulalter. <br><br>Die wichtigsten Themen dazu sind :<br><br>&#8211; Gesund essen und trinken<br>&#8211; Bewegen und entspannen<br>&#8211; Sich selbst m\u00f6gen und Freunde haben<br>&#8211; Probleme und Konflikte l\u00f6sen<br>&#8211; Kritisch Denken und Nein sagen k\u00f6nnen (Alkohol und Nikotin)<br><br>In der Einf\u00fchrungsstunde lernten die Erstkl\u00e4ssler etwas \u00fcber die Atemwege und die richtige Atmung, die sie mit dem Atemtrainer \u00fcbten. Das Projekt begleitet die Kinder \u00fcber die vier Grundschuljahre.<\/p>\n\n\n\n<figure class=\"wp-block-gallery columns-2 is-cropped wp-block-gallery-1 is-layout-flex wp-block-gallery-is-layout-flex\"><ul class=\"blocks-gallery-grid\"><li class=\"blocks-gallery-item\"><figure><img fetchpriority=\"high\" decoding=\"async\" width=\"449\" height=\"572\" src=\"https:\/\/lindenschule-schwandorf.de\/wp-content\/uploads\/2021\/10\/IMG_6431.jpg\" alt=\"\" data-id=\"435\" data-full-url=\"https:\/\/lindenschule-schwandorf.de\/wp-content\/uploads\/2021\/10\/IMG_6431.jpg\" data-link=\"https:\/\/lindenschule-schwandorf.de\/?attachment_id=435\" class=\"wp-image-435\" srcset=\"https:\/\/lindenschule-schwandorf.de\/wp-content\/uploads\/2021\/10\/IMG_6431.jpg 449w, https:\/\/lindenschule-schwandorf.de\/wp-content\/uploads\/2021\/10\/IMG_6431-235x300.jpg 235w\" sizes=\"(max-width: 449px) 100vw, 449px\" \/><\/figure><\/li><li class=\"blocks-gallery-item\"><figure><img decoding=\"async\" width=\"746\" height=\"326\" src=\"https:\/\/lindenschule-schwandorf.de\/wp-content\/uploads\/2021\/10\/IMG_6450.jpg\" alt=\"\" data-id=\"436\" data-full-url=\"https:\/\/lindenschule-schwandorf.de\/wp-content\/uploads\/2021\/10\/IMG_6450.jpg\" data-link=\"https:\/\/lindenschule-schwandorf.de\/?attachment_id=436\" class=\"wp-image-436\" srcset=\"https:\/\/lindenschule-schwandorf.de\/wp-content\/uploads\/2021\/10\/IMG_6450.jpg 746w, https:\/\/lindenschule-schwandorf.de\/wp-content\/uploads\/2021\/10\/IMG_6450-300x131.jpg 300w\" sizes=\"(max-width: 706px) 89vw, (max-width: 767px) 82vw, 740px\" \/><\/figure><\/li><li class=\"blocks-gallery-item\"><figure><img decoding=\"async\" width=\"449\" height=\"337\" src=\"https:\/\/lindenschule-schwandorf.de\/wp-content\/uploads\/2021\/10\/Klasse2000-1.jpg\" alt=\"\" data-id=\"437\" data-full-url=\"https:\/\/lindenschule-schwandorf.de\/wp-content\/uploads\/2021\/10\/Klasse2000-1.jpg\" data-link=\"https:\/\/lindenschule-schwandorf.de\/?attachment_id=437\" class=\"wp-image-437\" srcset=\"https:\/\/lindenschule-schwandorf.de\/wp-content\/uploads\/2021\/10\/Klasse2000-1.jpg 449w, https:\/\/lindenschule-schwandorf.de\/wp-content\/uploads\/2021\/10\/Klasse2000-1-300x225.jpg 300w\" sizes=\"(max-width: 449px) 100vw, 449px\" \/><\/figure><\/li><li class=\"blocks-gallery-item\"><figure><img loading=\"lazy\" decoding=\"async\" width=\"449\" height=\"337\" src=\"https:\/\/lindenschule-schwandorf.de\/wp-content\/uploads\/2021\/10\/Klasse2000-4.jpg\" alt=\"\" data-id=\"438\" data-full-url=\"https:\/\/lindenschule-schwandorf.de\/wp-content\/uploads\/2021\/10\/Klasse2000-4.jpg\" data-link=\"https:\/\/lindenschule-schwandorf.de\/?attachment_id=438\" class=\"wp-image-438\" srcset=\"https:\/\/lindenschule-schwandorf.de\/wp-content\/uploads\/2021\/10\/Klasse2000-4.jpg 449w, https:\/\/lindenschule-schwandorf.de\/wp-content\/uploads\/2021\/10\/Klasse2000-4-300x225.jpg 300w\" sizes=\"(max-width: 449px) 100vw, 449px\" \/><\/figure><\/li><\/ul><\/figure>\n","protected":false},"excerpt":{"rendered":"<p>Klasse 2000 &#8211; Gesund mit Klaro Alle drei ersten Klassen der Lindenschule starten mit dem Projekt &#8220; Klasse 2000&#8243;. Sie nehmen teil am Unterrichtsprogramm zur Gesundheitsf\u00f6rderung, Gewalt- und Suchtvorbeugung f\u00fcr Kinder im Grundschulalter. Die wichtigsten Themen dazu sind : &#8211; Gesund essen und trinken&#8211; Bewegen und entspannen&#8211; Sich selbst m\u00f6gen und Freunde haben&#8211; Probleme und &hellip; <\/p>\n<p class=\"link-more\"><a href=\"https:\/\/lindenschule-schwandorf.de\/?page_id=46\" class=\"more-link\"><span class=\"screen-reader-text\">\u201eKlasse 2000\u201c<\/span> weiterlesen<\/a><\/p>\n","protected":false},"author":1,"featured_media":0,"parent":0,"menu_order":0,"comment_status":"closed","ping_status":"closed","template":"","meta":{"footnotes":""},"class_list":["post-46","page","type-page","status-publish","hentry"],"_links":{"self":[{"href":"https:\/\/lindenschule-schwandorf.de\/index.php?rest_route=\/wp\/v2\/pages\/46","targetHints":{"allow":["GET"]}}],"collection":[{"href":"https:\/\/lindenschule-schwandorf.de\/index.php?rest_route=\/wp\/v2\/pages"}],"about":[{"href":"https:\/\/lindenschule-schwandorf.de\/index.php?rest_route=\/wp\/v2\/types\/page"}],"author":[{"embeddable":true,"href":"https:\/\/lindenschule-schwandorf.de\/index.php?rest_route=\/wp\/v2\/users\/1"}],"replies":[{"embeddable":true,"href":"https:\/\/lindenschule-schwandorf.de\/index.php?rest_route=%2Fwp%2Fv2%2Fcomments&post=46"}],"version-history":[{"count":3,"href":"https:\/\/lindenschule-schwandorf.de\/index.php?rest_route=\/wp\/v2\/pages\/46\/revisions"}],"predecessor-version":[{"id":477,"href":"https:\/\/lindenschule-schwandorf.de\/index.php?rest_route=\/wp\/v2\/pages\/46\/revisions\/477"}],"wp:attachment":[{"href":"https:\/\/lindenschule-schwandorf.de\/index.php?rest_route=%2Fwp%2Fv2%2Fmedia&parent=46"}],"curies":[{"name":"wp","href":"https:\/\/api.w.org\/{rel}","templated":true}]}}