{"id":44,"date":"2020-08-29T07:56:11","date_gmt":"2020-08-29T07:56:11","guid":{"rendered":"https:\/\/lindenschule.online\/?page_id=44"},"modified":"2021-10-19T08:36:30","modified_gmt":"2021-10-19T08:36:30","slug":"umweltschule","status":"publish","type":"page","link":"https:\/\/lindenschule-schwandorf.de\/?page_id=44","title":{"rendered":"Umweltschule"},"content":{"rendered":"\n<h2 class=\"has-black-color has-text-color wp-block-heading\">Umweltschule in Europa mit 2-Sternen<\/h2>\n\n\n\n<p class=\"has-black-color has-text-color\">Seit dem Schuljahr 2016\/17 darf sich die Linden-Grundschule auch Umweltschule nennen.<br>Gewonnen haben wir diese Auszeichnung, weil wir seit dem Schuljahr 2015\/16 Gem\u00fcse und Obst aus dem schuleigenen Schulgarten mit zwei Hochbeeten ernten k\u00f6nnen. Damit wollen wir unseren Kindern eine gesunde und saisonale Ern\u00e4hrung n\u00e4herbringen, die auch gut schmecken kann. Gepflegt wird der Garten von einer Sch\u00fclergruppe.<br><br>Gefallen hat der Jury auch, dass wir mit zwei externen Partnern, genauer der Wasser- und Fernw\u00e4rmeversorgung der Stadt Schwandorf und dem M\u00fcllkraftwerk Dachelhofen, zusammenarbeiten. Eine Sch\u00fclergruppe der 4. Klassen aus dem Schuljahr 2015\/16 hielt einen kleinen Vortrag zur Funktionsweise der Fernw\u00e4rmeheiztechnik im M\u00fcllkraftwerk vor potenziellen Kunden, die mit Fernw\u00e4rme heizen wollen. Auch unsere Schule bezieht ihre Heizw\u00e4rme aus der umweltschonenden Fernw\u00e4rme. Zus\u00e4tzlich haben unsere Sch\u00fcler Entw\u00fcrfe f\u00fcr die Fassadengestaltung eines Geb\u00e4udes der Fernw\u00e4rmeversorgung entworfen. Der Schwandorfer Graffitik\u00fcnstler, Markus Raab, gestaltete mit diesen Entw\u00fcrfen das Geb\u00e4ude im Juli 2016.<br><br>Seit einigen Jahren haben wir auch ein M\u00fclltrennungssystem an unserer Grundschule.<br>Unser gro\u00dfer Dank geht an Frau Helfer, die es mit sehr viel Engagement geschafft hat, dass die Linden-Grundschule eine Umweltschule mit 2 Sternen geworden ist.<\/p>\n\n\n\n<figure class=\"wp-block-gallery columns-1 is-cropped wp-block-gallery-1 is-layout-flex wp-block-gallery-is-layout-flex\"><ul class=\"blocks-gallery-grid\"><li class=\"blocks-gallery-item\"><figure><img fetchpriority=\"high\" decoding=\"async\" width=\"776\" height=\"518\" src=\"https:\/\/lindenschule-schwandorf.de\/wp-content\/uploads\/2021\/10\/Umweltschule.jpg\" alt=\"\" data-id=\"431\" data-full-url=\"https:\/\/lindenschule-schwandorf.de\/wp-content\/uploads\/2021\/10\/Umweltschule.jpg\" data-link=\"https:\/\/lindenschule-schwandorf.de\/?attachment_id=431\" class=\"wp-image-431\" srcset=\"https:\/\/lindenschule-schwandorf.de\/wp-content\/uploads\/2021\/10\/Umweltschule.jpg 776w, https:\/\/lindenschule-schwandorf.de\/wp-content\/uploads\/2021\/10\/Umweltschule-300x200.jpg 300w, https:\/\/lindenschule-schwandorf.de\/wp-content\/uploads\/2021\/10\/Umweltschule-768x513.jpg 768w\" sizes=\"(max-width: 706px) 89vw, (max-width: 767px) 82vw, 740px\" \/><\/figure><\/li><li class=\"blocks-gallery-item\"><figure><img decoding=\"async\" width=\"469\" height=\"264\" src=\"https:\/\/lindenschule-schwandorf.de\/wp-content\/uploads\/2021\/10\/Umweltschule3.jpg\" alt=\"\" data-id=\"432\" data-full-url=\"https:\/\/lindenschule-schwandorf.de\/wp-content\/uploads\/2021\/10\/Umweltschule3.jpg\" data-link=\"https:\/\/lindenschule-schwandorf.de\/?attachment_id=432\" class=\"wp-image-432\" srcset=\"https:\/\/lindenschule-schwandorf.de\/wp-content\/uploads\/2021\/10\/Umweltschule3.jpg 469w, https:\/\/lindenschule-schwandorf.de\/wp-content\/uploads\/2021\/10\/Umweltschule3-300x169.jpg 300w\" sizes=\"(max-width: 469px) 100vw, 469px\" \/><\/figure><\/li><\/ul><\/figure>\n","protected":false},"excerpt":{"rendered":"<p>Umweltschule in Europa mit 2-Sternen Seit dem Schuljahr 2016\/17 darf sich die Linden-Grundschule auch Umweltschule nennen.Gewonnen haben wir diese Auszeichnung, weil wir seit dem Schuljahr 2015\/16 Gem\u00fcse und Obst aus dem schuleigenen Schulgarten mit zwei Hochbeeten ernten k\u00f6nnen. Damit wollen wir unseren Kindern eine gesunde und saisonale Ern\u00e4hrung n\u00e4herbringen, die auch gut schmecken kann. Gepflegt &hellip; <\/p>\n<p class=\"link-more\"><a href=\"https:\/\/lindenschule-schwandorf.de\/?page_id=44\" class=\"more-link\"><span class=\"screen-reader-text\">\u201eUmweltschule\u201c<\/span> weiterlesen<\/a><\/p>\n","protected":false},"author":1,"featured_media":0,"parent":0,"menu_order":0,"comment_status":"closed","ping_status":"closed","template":"","meta":{"footnotes":""},"class_list":["post-44","page","type-page","status-publish","hentry"],"_links":{"self":[{"href":"https:\/\/lindenschule-schwandorf.de\/index.php?rest_route=\/wp\/v2\/pages\/44","targetHints":{"allow":["GET"]}}],"collection":[{"href":"https:\/\/lindenschule-schwandorf.de\/index.php?rest_route=\/wp\/v2\/pages"}],"about":[{"href":"https:\/\/lindenschule-schwandorf.de\/index.php?rest_route=\/wp\/v2\/types\/page"}],"author":[{"embeddable":true,"href":"https:\/\/lindenschule-schwandorf.de\/index.php?rest_route=\/wp\/v2\/users\/1"}],"replies":[{"embeddable":true,"href":"https:\/\/lindenschule-schwandorf.de\/index.php?rest_route=%2Fwp%2Fv2%2Fcomments&post=44"}],"version-history":[{"count":3,"href":"https:\/\/lindenschule-schwandorf.de\/index.php?rest_route=\/wp\/v2\/pages\/44\/revisions"}],"predecessor-version":[{"id":478,"href":"https:\/\/lindenschule-schwandorf.de\/index.php?rest_route=\/wp\/v2\/pages\/44\/revisions\/478"}],"wp:attachment":[{"href":"https:\/\/lindenschule-schwandorf.de\/index.php?rest_route=%2Fwp%2Fv2%2Fmedia&parent=44"}],"curies":[{"name":"wp","href":"https:\/\/api.w.org\/{rel}","templated":true}]}}