{"id":42,"date":"2020-08-29T07:55:59","date_gmt":"2020-08-29T07:55:59","guid":{"rendered":"https:\/\/lindenschule.online\/?page_id=42"},"modified":"2021-10-16T10:18:51","modified_gmt":"2021-10-16T10:18:51","slug":"hausordnung","status":"publish","type":"page","link":"https:\/\/lindenschule-schwandorf.de\/?page_id=42","title":{"rendered":"Hausordnung"},"content":{"rendered":"\n<p class=\"has-black-color has-text-color\"><strong>Schulregeln:<\/strong><\/p>\n\n\n\n<ul class=\"has-black-color has-text-color wp-block-list\"><li>Ich erscheine p\u00fcnktlich zum Unterricht.<\/li><li>Ich gehe im Schulhaus und laufe nicht.<\/li><li>Ich gr\u00fc\u00dfe und bin h\u00f6flich.<\/li><li>Ich befolge die Anweisungen der Lehrkr\u00e4fte und des Hausmeisters.<\/li><li>Ich verhalte mich leise und schreie nicht herum, damit wir andere nicht st\u00f6ren.<\/li><li>Ich nehme R\u00fccksicht auf andere Sch\u00fcler.<\/li><li>Ich l\u00f6se Streit und Konflikte friedlich. Wenn n\u00f6tig, hole ich Hilfe.<\/li><li>Ich mache nichts kaputt. Sollte es dennoch passieren, stehe ich dazu.<\/li><li>Ich halte Ordnung in der Garderobe und werfe den M\u00fcll in die richtigen Eimer.<\/li><li>Ich verlasse die Toilette sauber und wasche mir die H\u00e4nde.<\/li><li>Ich lasse unterrichtsfremde Gegenst\u00e4nde zu Hause.<\/li><li>Ich verlasse das Schulgeb\u00e4ude nach Schulschluss m\u00f6glichst schnell und leise.<\/li><\/ul>\n\n\n\n<p class=\"has-black-color has-text-color\"><strong>Pausenregeln:<\/strong><\/p>\n\n\n\n<ul class=\"has-black-color has-text-color wp-block-list\"><li>Ich gehe z\u00fcgig in die Pause.<\/li><li>Ich stelle mich am Ende der Pause z\u00fcgig wieder am Anstellpunkt an.<\/li><li>Ich achte darauf, ob die Pausenwiese gesperrt ist.<\/li><li>Ich \u00e4rgere niemanden mit Absicht.<\/li><li>Ich vermeide streiten, raufen, sto\u00dfen und schlagen.<\/li><li>Ich werfe den Abfall in die M\u00fclleimer. Die \u00fcbrig gebliebene Brotzeit nehme ich mit heim.<\/li><li>Ich pfl\u00fccke keine Blumen und rei\u00dfe keine \u00c4ste ab.<\/li><li>Ich werfe keine Steine, St\u00f6cke oder Schneeb\u00e4lle.<\/li><\/ul>\n\n\n\n<p class=\"has-black-color has-text-color\">Wenn sich alle an die Regeln der Schulordnung halten, k\u00f6nnen sich alle wohl f\u00fchlen. Jeder ist f\u00fcr sein Verhalten verantwortlich. Wer sich nicht an die Schulordnung h\u00e4lt, muss sich mit seinem Fehlverhalten besch\u00e4ftigen und je nach Fehlverhalten mit folgenden Konsequenzen rechnen:<\/p>\n\n\n\n<ul class=\"has-black-color has-text-color wp-block-list\"><li>Ich schreibe die Hausordnung bzw. einen Teil davon fehlerfrei und ordentlich ab (evtl. mit Unterschrift der Eltern).<\/li><li>Ich mache einen von mir angerichteten Schaden wieder gut.<\/li><li>Ich kann unterrichtsfremde Dinge erst am Ende der Schulwoche wieder abholen.<\/li><li>Ich kann eine schriftliche Mitteilung an die Erziehungsberechtigten erhalten.<\/li><\/ul>\n","protected":false},"excerpt":{"rendered":"<p>Schulregeln: Ich erscheine p\u00fcnktlich zum Unterricht. Ich gehe im Schulhaus und laufe nicht. Ich gr\u00fc\u00dfe und bin h\u00f6flich. Ich befolge die Anweisungen der Lehrkr\u00e4fte und des Hausmeisters. Ich verhalte mich leise und schreie nicht herum, damit wir andere nicht st\u00f6ren. Ich nehme R\u00fccksicht auf andere Sch\u00fcler. Ich l\u00f6se Streit und Konflikte friedlich. Wenn n\u00f6tig, hole &hellip; <\/p>\n<p class=\"link-more\"><a href=\"https:\/\/lindenschule-schwandorf.de\/?page_id=42\" class=\"more-link\"><span class=\"screen-reader-text\">\u201eHausordnung\u201c<\/span> weiterlesen<\/a><\/p>\n","protected":false},"author":1,"featured_media":0,"parent":0,"menu_order":0,"comment_status":"closed","ping_status":"closed","template":"","meta":{"footnotes":""},"class_list":["post-42","page","type-page","status-publish","hentry"],"_links":{"self":[{"href":"https:\/\/lindenschule-schwandorf.de\/index.php?rest_route=\/wp\/v2\/pages\/42","targetHints":{"allow":["GET"]}}],"collection":[{"href":"https:\/\/lindenschule-schwandorf.de\/index.php?rest_route=\/wp\/v2\/pages"}],"about":[{"href":"https:\/\/lindenschule-schwandorf.de\/index.php?rest_route=\/wp\/v2\/types\/page"}],"author":[{"embeddable":true,"href":"https:\/\/lindenschule-schwandorf.de\/index.php?rest_route=\/wp\/v2\/users\/1"}],"replies":[{"embeddable":true,"href":"https:\/\/lindenschule-schwandorf.de\/index.php?rest_route=%2Fwp%2Fv2%2Fcomments&post=42"}],"version-history":[{"count":6,"href":"https:\/\/lindenschule-schwandorf.de\/index.php?rest_route=\/wp\/v2\/pages\/42\/revisions"}],"predecessor-version":[{"id":429,"href":"https:\/\/lindenschule-schwandorf.de\/index.php?rest_route=\/wp\/v2\/pages\/42\/revisions\/429"}],"wp:attachment":[{"href":"https:\/\/lindenschule-schwandorf.de\/index.php?rest_route=%2Fwp%2Fv2%2Fmedia&parent=42"}],"curies":[{"name":"wp","href":"https:\/\/api.w.org\/{rel}","templated":true}]}}