{"id":40,"date":"2020-08-29T07:55:48","date_gmt":"2020-08-29T07:55:48","guid":{"rendered":"https:\/\/lindenschule.online\/?page_id=40"},"modified":"2021-10-16T10:17:20","modified_gmt":"2021-10-16T10:17:20","slug":"leitbild","status":"publish","type":"page","link":"https:\/\/lindenschule-schwandorf.de\/?page_id=40","title":{"rendered":"Leitbild"},"content":{"rendered":"\n<p class=\"has-black-color has-text-color\">Unsere Schule soll ein Lern- und Lebensraum sein, in dem sich Sch\u00fcler, Lehrkr\u00e4fte, Eltern und Mitarbeiter in gegenseitiger Achtung, Respekt und Toleranz begegnen, unabh\u00e4ngig von ihrer ethnischen, kulturellen und sozialen Herkunft. Jeder an unserer Schule soll sich wohl f\u00fchlen, ein vertrauensvolles Miteinander erleben und seine besonderen St\u00e4rken einbringen k\u00f6nnen.<\/p>\n\n\n\n<figure class=\"wp-block-gallery columns-3 is-cropped wp-block-gallery-1 is-layout-flex wp-block-gallery-is-layout-flex\"><ul class=\"blocks-gallery-grid\"><li class=\"blocks-gallery-item\"><figure><img fetchpriority=\"high\" decoding=\"async\" width=\"286\" height=\"300\" src=\"https:\/\/lindenschule-schwandorf.de\/wp-content\/uploads\/2021\/10\/021-1-286x300.jpg\" alt=\"\" data-id=\"370\" data-full-url=\"https:\/\/lindenschule-schwandorf.de\/wp-content\/uploads\/2021\/10\/021-1.jpg\" data-link=\"https:\/\/lindenschule-schwandorf.de\/?attachment_id=370\" class=\"wp-image-370\" srcset=\"https:\/\/lindenschule-schwandorf.de\/wp-content\/uploads\/2021\/10\/021-1-286x300.jpg 286w, https:\/\/lindenschule-schwandorf.de\/wp-content\/uploads\/2021\/10\/021-1.jpg 324w\" sizes=\"(max-width: 286px) 100vw, 286px\" \/><\/figure><\/li><li class=\"blocks-gallery-item\"><figure><img decoding=\"async\" width=\"257\" height=\"300\" src=\"https:\/\/lindenschule-schwandorf.de\/wp-content\/uploads\/2021\/10\/Stadtfuehrung4-257x300.jpg\" alt=\"\" data-id=\"365\" data-full-url=\"https:\/\/lindenschule-schwandorf.de\/wp-content\/uploads\/2021\/10\/Stadtfuehrung4.jpg\" data-link=\"https:\/\/lindenschule-schwandorf.de\/?attachment_id=365\" class=\"wp-image-365\" srcset=\"https:\/\/lindenschule-schwandorf.de\/wp-content\/uploads\/2021\/10\/Stadtfuehrung4-257x300.jpg 257w, https:\/\/lindenschule-schwandorf.de\/wp-content\/uploads\/2021\/10\/Stadtfuehrung4.jpg 449w\" sizes=\"(max-width: 257px) 100vw, 257px\" \/><\/figure><\/li><li class=\"blocks-gallery-item\"><figure><img decoding=\"async\" width=\"300\" height=\"252\" src=\"https:\/\/lindenschule-schwandorf.de\/wp-content\/uploads\/2021\/10\/Zwickl5-300x252.jpg\" alt=\"\" data-id=\"366\" data-full-url=\"https:\/\/lindenschule-schwandorf.de\/wp-content\/uploads\/2021\/10\/Zwickl5.jpg\" data-link=\"https:\/\/lindenschule-schwandorf.de\/?attachment_id=366\" class=\"wp-image-366\" srcset=\"https:\/\/lindenschule-schwandorf.de\/wp-content\/uploads\/2021\/10\/Zwickl5-300x252.jpg 300w, https:\/\/lindenschule-schwandorf.de\/wp-content\/uploads\/2021\/10\/Zwickl5.jpg 449w\" sizes=\"(max-width: 300px) 100vw, 300px\" \/><\/figure><\/li><li class=\"blocks-gallery-item\"><figure><img loading=\"lazy\" decoding=\"async\" width=\"300\" height=\"191\" src=\"https:\/\/lindenschule-schwandorf.de\/wp-content\/uploads\/2021\/10\/Plastikflut7-300x191.jpg\" alt=\"\" data-id=\"368\" data-full-url=\"https:\/\/lindenschule-schwandorf.de\/wp-content\/uploads\/2021\/10\/Plastikflut7.jpg\" data-link=\"https:\/\/lindenschule-schwandorf.de\/?attachment_id=368\" class=\"wp-image-368\" srcset=\"https:\/\/lindenschule-schwandorf.de\/wp-content\/uploads\/2021\/10\/Plastikflut7-300x191.jpg 300w, https:\/\/lindenschule-schwandorf.de\/wp-content\/uploads\/2021\/10\/Plastikflut7.jpg 746w\" sizes=\"(max-width: 300px) 100vw, 300px\" \/><\/figure><\/li><li class=\"blocks-gallery-item\"><figure><img loading=\"lazy\" decoding=\"async\" width=\"300\" height=\"200\" src=\"https:\/\/lindenschule-schwandorf.de\/wp-content\/uploads\/2021\/10\/Kunst2c2-300x200.jpg\" alt=\"\" data-id=\"369\" data-full-url=\"https:\/\/lindenschule-schwandorf.de\/wp-content\/uploads\/2021\/10\/Kunst2c2.jpg\" data-link=\"https:\/\/lindenschule-schwandorf.de\/?attachment_id=369\" class=\"wp-image-369\" srcset=\"https:\/\/lindenschule-schwandorf.de\/wp-content\/uploads\/2021\/10\/Kunst2c2-300x200.jpg 300w, https:\/\/lindenschule-schwandorf.de\/wp-content\/uploads\/2021\/10\/Kunst2c2.jpg 449w\" sizes=\"(max-width: 300px) 100vw, 300px\" \/><\/figure><\/li><\/ul><\/figure>\n\n\n\n<p><\/p>\n","protected":false},"excerpt":{"rendered":"<p>Unsere Schule soll ein Lern- und Lebensraum sein, in dem sich Sch\u00fcler, Lehrkr\u00e4fte, Eltern und Mitarbeiter in gegenseitiger Achtung, Respekt und Toleranz begegnen, unabh\u00e4ngig von ihrer ethnischen, kulturellen und sozialen Herkunft. Jeder an unserer Schule soll sich wohl f\u00fchlen, ein vertrauensvolles Miteinander erleben und seine besonderen St\u00e4rken einbringen k\u00f6nnen.<\/p>\n","protected":false},"author":1,"featured_media":0,"parent":0,"menu_order":0,"comment_status":"closed","ping_status":"closed","template":"","meta":{"footnotes":""},"class_list":["post-40","page","type-page","status-publish","hentry"],"_links":{"self":[{"href":"https:\/\/lindenschule-schwandorf.de\/index.php?rest_route=\/wp\/v2\/pages\/40","targetHints":{"allow":["GET"]}}],"collection":[{"href":"https:\/\/lindenschule-schwandorf.de\/index.php?rest_route=\/wp\/v2\/pages"}],"about":[{"href":"https:\/\/lindenschule-schwandorf.de\/index.php?rest_route=\/wp\/v2\/types\/page"}],"author":[{"embeddable":true,"href":"https:\/\/lindenschule-schwandorf.de\/index.php?rest_route=\/wp\/v2\/users\/1"}],"replies":[{"embeddable":true,"href":"https:\/\/lindenschule-schwandorf.de\/index.php?rest_route=%2Fwp%2Fv2%2Fcomments&post=40"}],"version-history":[{"count":4,"href":"https:\/\/lindenschule-schwandorf.de\/index.php?rest_route=\/wp\/v2\/pages\/40\/revisions"}],"predecessor-version":[{"id":427,"href":"https:\/\/lindenschule-schwandorf.de\/index.php?rest_route=\/wp\/v2\/pages\/40\/revisions\/427"}],"wp:attachment":[{"href":"https:\/\/lindenschule-schwandorf.de\/index.php?rest_route=%2Fwp%2Fv2%2Fmedia&parent=40"}],"curies":[{"name":"wp","href":"https:\/\/api.w.org\/{rel}","templated":true}]}}