{"id":3032,"date":"2025-12-15T10:25:55","date_gmt":"2025-12-15T10:25:55","guid":{"rendered":"https:\/\/lindenschule-schwandorf.de\/?page_id=3032"},"modified":"2025-12-15T10:43:24","modified_gmt":"2025-12-15T10:43:24","slug":"stark-fair","status":"publish","type":"page","link":"https:\/\/lindenschule-schwandorf.de\/?page_id=3032","title":{"rendered":"STARK + FAIR"},"content":{"rendered":"\n<figure class=\"wp-block-gallery has-nested-images columns-default is-cropped wp-block-gallery-1 is-layout-flex wp-block-gallery-is-layout-flex\">\n<figure class=\"wp-block-image size-large\"><img fetchpriority=\"high\" decoding=\"async\" width=\"1024\" height=\"461\" data-id=\"3037\" src=\"https:\/\/lindenschule-schwandorf.de\/wp-content\/uploads\/2025\/12\/20251210_103439-1024x461.jpg\" alt=\"\" class=\"wp-image-3037\" srcset=\"https:\/\/lindenschule-schwandorf.de\/wp-content\/uploads\/2025\/12\/20251210_103439-1024x461.jpg 1024w, https:\/\/lindenschule-schwandorf.de\/wp-content\/uploads\/2025\/12\/20251210_103439-300x135.jpg 300w, https:\/\/lindenschule-schwandorf.de\/wp-content\/uploads\/2025\/12\/20251210_103439-768x346.jpg 768w, https:\/\/lindenschule-schwandorf.de\/wp-content\/uploads\/2025\/12\/20251210_103439-1536x691.jpg 1536w, https:\/\/lindenschule-schwandorf.de\/wp-content\/uploads\/2025\/12\/20251210_103439-2048x922.jpg 2048w\" sizes=\"(max-width: 706px) 89vw, (max-width: 767px) 82vw, 740px\" \/><\/figure>\n\n\n\n<figure class=\"wp-block-image size-large\"><img decoding=\"async\" width=\"1024\" height=\"461\" data-id=\"3035\" src=\"https:\/\/lindenschule-schwandorf.de\/wp-content\/uploads\/2025\/12\/20251211_105059-1024x461.jpg\" alt=\"\" class=\"wp-image-3035\" srcset=\"https:\/\/lindenschule-schwandorf.de\/wp-content\/uploads\/2025\/12\/20251211_105059-1024x461.jpg 1024w, https:\/\/lindenschule-schwandorf.de\/wp-content\/uploads\/2025\/12\/20251211_105059-300x135.jpg 300w, https:\/\/lindenschule-schwandorf.de\/wp-content\/uploads\/2025\/12\/20251211_105059-768x346.jpg 768w, https:\/\/lindenschule-schwandorf.de\/wp-content\/uploads\/2025\/12\/20251211_105059-1536x691.jpg 1536w, https:\/\/lindenschule-schwandorf.de\/wp-content\/uploads\/2025\/12\/20251211_105059-2048x922.jpg 2048w\" sizes=\"(max-width: 706px) 89vw, (max-width: 767px) 82vw, 740px\" \/><\/figure>\n\n\n\n<figure class=\"wp-block-image size-large\"><img decoding=\"async\" width=\"1024\" height=\"461\" data-id=\"3036\" src=\"https:\/\/lindenschule-schwandorf.de\/wp-content\/uploads\/2025\/12\/20251211_123230-1024x461.jpg\" alt=\"\" class=\"wp-image-3036\" srcset=\"https:\/\/lindenschule-schwandorf.de\/wp-content\/uploads\/2025\/12\/20251211_123230-1024x461.jpg 1024w, https:\/\/lindenschule-schwandorf.de\/wp-content\/uploads\/2025\/12\/20251211_123230-300x135.jpg 300w, https:\/\/lindenschule-schwandorf.de\/wp-content\/uploads\/2025\/12\/20251211_123230-768x346.jpg 768w, https:\/\/lindenschule-schwandorf.de\/wp-content\/uploads\/2025\/12\/20251211_123230-1536x691.jpg 1536w, https:\/\/lindenschule-schwandorf.de\/wp-content\/uploads\/2025\/12\/20251211_123230-2048x922.jpg 2048w\" sizes=\"(max-width: 706px) 89vw, (max-width: 767px) 82vw, 740px\" \/><\/figure>\n<\/figure>\n\n\n\n<p><strong>STARK+FAIR Training an der Lindenschule <\/strong><strong>durch das temprament-team aus Regensburg<\/strong>\u00a0<\/p>\n\n\n\n<p>Bietet den Kindern die M\u00f6glichkeit:<\/p>\n\n\n\n<p>\u27a2\u00a0sich seiner St\u00e4rken bewusster zu werden\u00a0<\/p>\n\n\n\n<p>\u27a2\u00a0zu \u00fcben, welches Verhalten im Umgang mit anderen mehr oder weniger passend ist\u00a0<\/p>\n\n\n\n<p>\u27a2\u00a0sich selbst st\u00e4rker zu steuern, um in schwierigen Situationen zwischen Handlungsm\u00f6glichkeiten w\u00e4hlen zu k\u00f6nnen\u00a0<\/p>\n\n\n\n<p>\u27a2\u00a0seine pers\u00f6nliche Distanzschwelle zu erkennen und deutlich zu machen, sowie auch bei anderen zu respektieren<\/p>\n","protected":false},"excerpt":{"rendered":"<p>STARK+FAIR Training an der Lindenschule durch das temprament-team aus Regensburg\u00a0 Bietet den Kindern die M\u00f6glichkeit: \u27a2\u00a0sich seiner St\u00e4rken bewusster zu werden\u00a0 \u27a2\u00a0zu \u00fcben, welches Verhalten im Umgang mit anderen mehr oder weniger passend ist\u00a0 \u27a2\u00a0sich selbst st\u00e4rker zu steuern, um in schwierigen Situationen zwischen Handlungsm\u00f6glichkeiten w\u00e4hlen zu k\u00f6nnen\u00a0 \u27a2\u00a0seine pers\u00f6nliche Distanzschwelle zu erkennen und deutlich &hellip; <\/p>\n<p class=\"link-more\"><a href=\"https:\/\/lindenschule-schwandorf.de\/?page_id=3032\" class=\"more-link\"><span class=\"screen-reader-text\">\u201eSTARK + FAIR\u201c<\/span> weiterlesen<\/a><\/p>\n","protected":false},"author":2,"featured_media":0,"parent":0,"menu_order":0,"comment_status":"closed","ping_status":"closed","template":"","meta":{"footnotes":""},"class_list":["post-3032","page","type-page","status-publish","hentry"],"_links":{"self":[{"href":"https:\/\/lindenschule-schwandorf.de\/index.php?rest_route=\/wp\/v2\/pages\/3032","targetHints":{"allow":["GET"]}}],"collection":[{"href":"https:\/\/lindenschule-schwandorf.de\/index.php?rest_route=\/wp\/v2\/pages"}],"about":[{"href":"https:\/\/lindenschule-schwandorf.de\/index.php?rest_route=\/wp\/v2\/types\/page"}],"author":[{"embeddable":true,"href":"https:\/\/lindenschule-schwandorf.de\/index.php?rest_route=\/wp\/v2\/users\/2"}],"replies":[{"embeddable":true,"href":"https:\/\/lindenschule-schwandorf.de\/index.php?rest_route=%2Fwp%2Fv2%2Fcomments&post=3032"}],"version-history":[{"count":3,"href":"https:\/\/lindenschule-schwandorf.de\/index.php?rest_route=\/wp\/v2\/pages\/3032\/revisions"}],"predecessor-version":[{"id":3039,"href":"https:\/\/lindenschule-schwandorf.de\/index.php?rest_route=\/wp\/v2\/pages\/3032\/revisions\/3039"}],"wp:attachment":[{"href":"https:\/\/lindenschule-schwandorf.de\/index.php?rest_route=%2Fwp%2Fv2%2Fmedia&parent=3032"}],"curies":[{"name":"wp","href":"https:\/\/api.w.org\/{rel}","templated":true}]}}