{"id":244,"date":"2020-08-30T09:24:33","date_gmt":"2020-08-30T09:24:33","guid":{"rendered":"https:\/\/lindenschule.online\/?page_id=244"},"modified":"2024-01-22T14:09:24","modified_gmt":"2024-01-22T14:09:24","slug":"datenschutzerklaerung-2","status":"publish","type":"page","link":"https:\/\/lindenschule-schwandorf.de\/?page_id=244","title":{"rendered":"Datenschutzerkl\u00e4rung"},"content":{"rendered":"\n<p class=\"has-black-color has-text-color\">Diese Datenschutzerkl\u00e4rung bezieht sich auf die Verarbeitung personenbezogener Daten im Rahmen dieses Internetauftritts, einschlie\u00dflich der dort angebotenen Dienste.<br><br>F\u00fcr n\u00e4here Informationen zur Verarbeitung Ihrer personenbezogenen Daten k\u00f6nnen Sie uns unter den unten genannten Kontaktdaten erreichen.<br><br><strong>Name und Kontaktdaten des Verantwortlichen<\/strong><br><br>Ella Vierl, Rektorin<br><br>Lindenschule Schwandorf<br>Siemensstra\u00dfe 2<br>92421 Schwandorf<br>Telefon: 09431\/4709309<br>Telefax: 09431\/4709310<br>E-Mail: lindenschule@schwandorf.de<br><br><strong>Kontaktdaten des Datenschutzbeauftragten<\/strong><br><br>Sie erreichen unsere beh\u00f6rdliche  Datenschutzbeauftragte der Grund-, Mittel- und F\u00f6rderschulen am Staatl. Schulamt Schwandorf<br><\/p>\n\n\n\n<p>Maria Birzer <\/p>\n\n\n\n<p>GMS Schwarzenfeld <\/p>\n\n\n\n<p>Nabburger Str. 5-7 92521 Schwarzenfeld<\/p>\n\n\n\n<p>Telefon: 09435\/54000<\/p>\n\n\n\n<p>Mail: Maria.Birzer@schule.bayern.de<\/p>\n\n\n\n<p class=\"has-black-color has-text-color\"><br><br><strong>Zwecke und Rechtsgrundlagen f\u00fcr die Verarbeitung personenbezogener Daten<\/strong><br><\/p>\n\n\n\n<p>Wir verarbeiten personenbezogene Daten zur Erf\u00fcllung des Bildungs- und Erziehungsauftrags, den das Bayerische Gesetz \u00fcber das Erziehungs- und Unterrichtswesen (BayEUG) den Schulen zuweist.<\/p>\n\n\n\n<p>Die Rechtsgrundlage f\u00fcr die Verarbeitung Ihrer Daten ergibt sich, soweit im Folgenden nichts anderes angegeben ist, aus Art. 85 des Bayerischen Erziehungs- und Unterrichtsgesetztes (BayEUG) in Verbindung mit Art. 6 Abs. 1 UAbs. 1 Buchstabe e der Datenschutzgrundverordnung (DSGVO).<\/p>\n\n\n\n<p>Demnach ist es uns erlaubt, die zur Erf\u00fcllung der schulischen Aufgaben erforderlichen Daten zu verarbeiten.&nbsp;<\/p>\n\n\n\n<p class=\"has-black-color has-text-color\"><br><strong><br>Empf\u00e4nger von personenbezogenen Daten<\/strong><br><\/p>\n\n\n\n<p class=\"has-black-color has-text-color\">Der technische Betrieb unserer Datenverarbeitungssysteme erfolgt grunds\u00e4tzlich durch&nbsp;die Stadt Schwandorf in unserem Auftrag.&nbsp;<\/p>\n\n\n\n<p>F\u00fcr einzelne Verfahren setzen wir weitere Auftragsverarbeiter ein.&nbsp;<\/p>\n\n\n\n<p>Auf Anforderung werden Ihre Daten an die zust\u00e4ndigen Aufsichts- und Rechnungspr\u00fcfungsbeh\u00f6rden zur Wahrnehmung der jeweiligen Kontrollrechte \u00fcbermittelt.&nbsp;<\/p>\n\n\n\n<p class=\"has-black-color has-text-color\"><br><br><strong>Dauer der Speicherung der personenbezogenen Daten<\/strong><br><br>Ihre Daten werden nur so lange gespeichert, wie dies unter Beachtung gesetzlicher Aufbewahrungsfristen f\u00fcr zur Aufgabenerf\u00fcllung erforderlich ist.<\/p>\n\n\n\n<p class=\"has-black-color has-text-color\"><br><br><strong>Ihre Rechte<br><\/strong><\/p>\n\n\n\n<p>Als Betroffener einer Datenverarbeitung haben Sie die folgenden Rechte:<\/p>\n\n\n\n<ul class=\"wp-block-list\">\n<li>Sie haben das Recht auf Auskunft \u00fcber die zu Ihrer Person gespeicherten Daten (Art. 15 DSGVO).<\/li>\n\n\n\n<li>Sollten unrichtige personenbezogene Daten verarbeitet werden, steht Ihnen ein Recht auf Berichtigung zu (Art. 16 DSGVO).<\/li>\n\n\n\n<li>Liegen die gesetzlichen Voraussetzungen vor, so k\u00f6nnen Sie die L\u00f6schung oder Einschr\u00e4nkung der Verarbeitung verlangen (Art. 17 und 18 DSGVO).<\/li>\n\n\n\n<li>Wenn Sie in die Datenverarbeitung eingewilligt haben oder ein Vertrag zur Datenverarbeitung besteht und die Datenverarbeitung mithilfe automatisierter Verfahren durchgef\u00fchrt wird, steht Ihnen gegebenenfalls ein Recht auf Daten\u00fcbertragbarkeit zu (Art. 20 DSGVO).&nbsp;<\/li>\n\n\n\n<li>Falls Sie in die Verarbeitung eingewilligt haben und die Verarbeitung auf dieser Einwilligung beruht, k\u00f6nnen Sie die Einwilligung jederzeit f\u00fcr die Zukunft widerrufen. Die Rechtm\u00e4\u00dfigkeit der aufgrund der Einwilligung bis zum Widerruf erfolgten Datenverarbeitung wird durch diesen nicht ber\u00fchrt.<\/li>\n<\/ul>\n\n\n\n<p>Sie haben das Recht, aus Gr\u00fcnden, die sich aus Ihrer besonderen Situation ergeben, jederzeit gegen die Verarbeitung Ihrer Daten&nbsp;<strong>Widerspruch<\/strong>&nbsp;einzulegen, wenn die Verarbeitung auf Grundlage des Art. 6 Abs. 1 UAbs. 1 Buchst. e DSGVO erfolgt (Art. 21 Abs. 1 Satz 1 DSGVO).&nbsp;<\/p>\n\n\n\n<p class=\"has-black-color has-text-color\"><br><br><strong>Beschwerderecht bei der Aufsichtsbeh\u00f6rde<\/strong><br><br>Unabh\u00e4ngig davon besteht ein Beschwerderecht beim Bayerischen Landesbeauftragten f\u00fcr den Datenschutz. Diesen k\u00f6nnen Sie unter folgenden Kontaktdaten erreichen:<br><br>Postanschrift: Postfach 22 12 19, 80502 M\u00fcnchen<br>Adresse: &nbsp;Wagm\u00fcllerstra\u00dfe 18, 80538 M\u00fcnchen &nbsp;<br>Telefon: &nbsp;089 212672-0 &nbsp;<br>Telefax: &nbsp;089 212672-50 &nbsp;<br>E-Mail: &nbsp;poststelle@datenschutz-bayern.de<br>Internet: https:\/\/www.datenschutz-bayern.de\/<\/p>\n\n\n\n<p class=\"has-black-color has-text-color\">F\u00fcr n\u00e4here Informationen zur Verarbeitung Ihrer Daten und zu Ihren Rechten k\u00f6nnen Sie uns unter den oben genannten Kontaktdaten erreichen.<br><br><strong>Hinweise zum Internetauftritt<\/strong><br><\/p>\n\n\n\n<p class=\"has-black-color has-text-color\"><strong>Technische Umsetzung<\/strong><\/p>\n\n\n\n<p class=\"has-black-color has-text-color\">Unser Webserver wird durch die Stadt Schwandorf betrieben. Die von Ihnen im Rahmen des Besuchs unseres Webauftritts \u00fcbermittelten personenbezogenen Daten werden daher durch diesen Auftragsverarbeiter in unserem Auftrag verarbeitet.<\/p>\n\n\n\n<p class=\"has-black-color has-text-color\"><br><strong>Protokollierung<\/strong><br><br>Wenn Sie diese oder andere Internetseiten aufrufen, \u00fcbermitteln Sie \u00fcber Ihren Internetbrowser Daten an unseren Webserver. Die folgenden Daten werden w\u00e4hrend einer laufenden Verbindung zur Kommunikation zwischen Ihrem Internetbrowser und unserem Webserver aufgezeichnet:<br>&#8211; Datum und Uhrzeit der Anforderung<br>&#8211; Name der angeforderten Datei<br>&#8211; Seite, von der aus die Datei angefordert wurde<br>&#8211; Zugriffsstatus (Datei \u00fcbertragen, Datei nicht gefunden, etc.) \u00a0<br>&#8211; verwendete Webbrowser und verwendetes Betriebssystem<br>&#8211; vollst\u00e4ndige IP-Adresse des anfordernden Rechners<br>&#8211; \u00fcbertragene Datenmenge.<br><br>Nach Ende der Verbindung werden die Daten durch Verk\u00fcrzung der IP-Adresse auf Domain-Ebene anonymisiert, so dass es nicht mehr m\u00f6glich ist, einen Bezug auf einzelne Nutzer herzustellen.<br><br><strong>Aktive Komponenten<\/strong><br><br>Im Informationsangebot der ver\u00f6ffentlichenden Beh\u00f6rde werden keine aktiven Komponenten wie Javascript, Java-Applets oder Active-X-Controls verwendet.<br><br><strong>Cookies<\/strong><br><br>Wir setzen und verwenden keine Cookies.<br><br><strong>Auswertung des Nutzerverhaltens<br><br><\/strong>Programme zur Auswertung des Nutzerverhaltens werden von uns nicht eingesetzt.<br><br><strong>Elektronische Post (E-Mail)<\/strong><br><br>Informationen, die Sie unverschl\u00fcsselt per Elektronische Post (E-Mail) an uns senden, k\u00f6nnen m\u00f6glicherweise auf dem \u00dcbertragungsweg von Dritten gelesen werden. Wir k\u00f6nnen in der Regel auch Ihre Identit\u00e4t nicht \u00fcberpr\u00fcfen und wissen nicht, wer sich hinter einer E-Mail-Adresse verbirgt. Eine rechtssichere Kommunikation durch einfache E-Mail ist daher nicht gew\u00e4hrleistet. Wir setzen &#8211; wie viele E-Mail-Anbieter &#8211; Filter gegen unerw\u00fcnschte Werbung (\u201eSPAM-Filter\u201c) ein, die in seltenen F\u00e4llen auch normale E-Mails f\u00e4lschlicherweise automatisch als unerw\u00fcnschte Werbung einordnen und l\u00f6schen. E-Mails, die sch\u00e4digende Programme (\u201eViren\u201c) enthalten, werden von uns in jedem Fall automatisch gel\u00f6scht.<br><br>Wenn Sie schutzw\u00fcrdige Nachrichten an uns senden wollen, empfehlen wir, diese auf konventionellem Postwege an uns zu senden.<br><br>Wir bitten Sie, uns zur Beantwortung Ihrer schutzw\u00fcrdiger Nachrichten Ihre Postanschrift zu nennen.<br><br><strong>Fotoaufnahmen<\/strong><br><br>Im Rahmen unserer Presse- und \u00d6ffentlichkeitsarbeit werden bei Veranstaltungen und Terminen Fotos aufgenommen, auf denen Sie gegebenenfalls erkennbar zu sehen sind. Der Aufnahme und\/oder einer Ver\u00f6ffentlichung k\u00f6nnen Sie widersprechen.<br><br>Bitte nutzten Sie f\u00fcr Ihren Widerspruch die oben genannten Kontaktdaten.<\/p>\n","protected":false},"excerpt":{"rendered":"<p>Diese Datenschutzerkl\u00e4rung bezieht sich auf die Verarbeitung personenbezogener Daten im Rahmen dieses Internetauftritts, einschlie\u00dflich der dort angebotenen Dienste. F\u00fcr n\u00e4here Informationen zur Verarbeitung Ihrer personenbezogenen Daten k\u00f6nnen Sie uns unter den unten genannten Kontaktdaten erreichen. Name und Kontaktdaten des Verantwortlichen Ella Vierl, Rektorin Lindenschule SchwandorfSiemensstra\u00dfe 292421 SchwandorfTelefon: 09431\/4709309Telefax: 09431\/4709310E-Mail: lindenschule@schwandorf.de Kontaktdaten des Datenschutzbeauftragten Sie erreichen &hellip; <\/p>\n<p class=\"link-more\"><a href=\"https:\/\/lindenschule-schwandorf.de\/?page_id=244\" class=\"more-link\"><span class=\"screen-reader-text\">\u201eDatenschutzerkl\u00e4rung\u201c<\/span> weiterlesen<\/a><\/p>\n","protected":false},"author":1,"featured_media":0,"parent":0,"menu_order":0,"comment_status":"closed","ping_status":"closed","template":"","meta":{"footnotes":""},"class_list":["post-244","page","type-page","status-publish","hentry"],"_links":{"self":[{"href":"https:\/\/lindenschule-schwandorf.de\/index.php?rest_route=\/wp\/v2\/pages\/244","targetHints":{"allow":["GET"]}}],"collection":[{"href":"https:\/\/lindenschule-schwandorf.de\/index.php?rest_route=\/wp\/v2\/pages"}],"about":[{"href":"https:\/\/lindenschule-schwandorf.de\/index.php?rest_route=\/wp\/v2\/types\/page"}],"author":[{"embeddable":true,"href":"https:\/\/lindenschule-schwandorf.de\/index.php?rest_route=\/wp\/v2\/users\/1"}],"replies":[{"embeddable":true,"href":"https:\/\/lindenschule-schwandorf.de\/index.php?rest_route=%2Fwp%2Fv2%2Fcomments&post=244"}],"version-history":[{"count":10,"href":"https:\/\/lindenschule-schwandorf.de\/index.php?rest_route=\/wp\/v2\/pages\/244\/revisions"}],"predecessor-version":[{"id":1884,"href":"https:\/\/lindenschule-schwandorf.de\/index.php?rest_route=\/wp\/v2\/pages\/244\/revisions\/1884"}],"wp:attachment":[{"href":"https:\/\/lindenschule-schwandorf.de\/index.php?rest_route=%2Fwp%2Fv2%2Fmedia&parent=244"}],"curies":[{"name":"wp","href":"https:\/\/api.w.org\/{rel}","templated":true}]}}