{"id":1701,"date":"2023-10-25T14:05:48","date_gmt":"2023-10-25T14:05:48","guid":{"rendered":"https:\/\/lindenschule-schwandorf.de\/?page_id=1701"},"modified":"2024-12-04T14:53:36","modified_gmt":"2024-12-04T14:53:36","slug":"musikbegeisterte-grundschule","status":"publish","type":"page","link":"https:\/\/lindenschule-schwandorf.de\/?page_id=1701","title":{"rendered":"Musikbegeisterte Grundschule"},"content":{"rendered":"\n<p>Erstmalig zum Schuljahr 2023\/24 starten 140 Grundschulen in Bayern mit dem Profil &#8222;Musikbegeisterte Grundschule&#8220;. Voraus ging ein Bewerbungsverfahren, an welchem sich alle Grundschulen in Bayern beteiligen konnten.<\/p>\n\n\n\n<p>Das Bayerische Staatsministerium f\u00fcr Unterricht und Kultus w\u00fcrdigt mit der Verleihung des Profils &#8222;Musikbegeisterte Grundschule&#8220; das Engagement und die Kreativit\u00e4t von Grundschulen, in denen die Musik eine hervorgehobene Rolle spielt.<\/p>\n\n\n\n<p>Auch die Lindenschule darf sich seit diesem Schuljahr &#8222;Musikbegeisterte Grundschule&#8220; nennen!<\/p>\n\n\n<div class=\"wp-block-image\">\n<figure class=\"alignright size-full is-resized\"><img fetchpriority=\"high\" decoding=\"async\" width=\"1000\" height=\"510\" src=\"https:\/\/lindenschule-schwandorf.de\/wp-content\/uploads\/2023\/10\/23-07-17_MbGs_Logo_blau.png\" alt=\"\" class=\"wp-image-1706\" style=\"aspect-ratio:1.9607843137254901;width:202px;height:auto\" srcset=\"https:\/\/lindenschule-schwandorf.de\/wp-content\/uploads\/2023\/10\/23-07-17_MbGs_Logo_blau.png 1000w, https:\/\/lindenschule-schwandorf.de\/wp-content\/uploads\/2023\/10\/23-07-17_MbGs_Logo_blau-300x153.png 300w, https:\/\/lindenschule-schwandorf.de\/wp-content\/uploads\/2023\/10\/23-07-17_MbGs_Logo_blau-768x392.png 768w\" sizes=\"(max-width: 706px) 89vw, (max-width: 767px) 82vw, 740px\" \/><\/figure><\/div>\n\n\n<figure class=\"wp-block-image size-large\"><img decoding=\"async\" width=\"576\" height=\"1024\" src=\"https:\/\/lindenschule-schwandorf.de\/wp-content\/uploads\/2024\/04\/3467983e-8d18-48fd-8a70-eedff3b85475-576x1024.jpg\" alt=\"\" class=\"wp-image-2037\" srcset=\"https:\/\/lindenschule-schwandorf.de\/wp-content\/uploads\/2024\/04\/3467983e-8d18-48fd-8a70-eedff3b85475-576x1024.jpg 576w, https:\/\/lindenschule-schwandorf.de\/wp-content\/uploads\/2024\/04\/3467983e-8d18-48fd-8a70-eedff3b85475-169x300.jpg 169w, https:\/\/lindenschule-schwandorf.de\/wp-content\/uploads\/2024\/04\/3467983e-8d18-48fd-8a70-eedff3b85475-768x1365.jpg 768w, https:\/\/lindenschule-schwandorf.de\/wp-content\/uploads\/2024\/04\/3467983e-8d18-48fd-8a70-eedff3b85475-864x1536.jpg 864w, https:\/\/lindenschule-schwandorf.de\/wp-content\/uploads\/2024\/04\/3467983e-8d18-48fd-8a70-eedff3b85475.jpg 1152w\" sizes=\"(max-width: 576px) 100vw, 576px\" \/><\/figure>\n","protected":false},"excerpt":{"rendered":"<p>Erstmalig zum Schuljahr 2023\/24 starten 140 Grundschulen in Bayern mit dem Profil &#8222;Musikbegeisterte Grundschule&#8220;. Voraus ging ein Bewerbungsverfahren, an welchem sich alle Grundschulen in Bayern beteiligen konnten. Das Bayerische Staatsministerium f\u00fcr Unterricht und Kultus w\u00fcrdigt mit der Verleihung des Profils &#8222;Musikbegeisterte Grundschule&#8220; das Engagement und die Kreativit\u00e4t von Grundschulen, in denen die Musik eine hervorgehobene &hellip; <\/p>\n<p class=\"link-more\"><a href=\"https:\/\/lindenschule-schwandorf.de\/?page_id=1701\" class=\"more-link\"><span class=\"screen-reader-text\">\u201eMusikbegeisterte Grundschule\u201c<\/span> weiterlesen<\/a><\/p>\n","protected":false},"author":2,"featured_media":0,"parent":0,"menu_order":0,"comment_status":"closed","ping_status":"closed","template":"","meta":{"footnotes":""},"class_list":["post-1701","page","type-page","status-publish","hentry"],"_links":{"self":[{"href":"https:\/\/lindenschule-schwandorf.de\/index.php?rest_route=\/wp\/v2\/pages\/1701","targetHints":{"allow":["GET"]}}],"collection":[{"href":"https:\/\/lindenschule-schwandorf.de\/index.php?rest_route=\/wp\/v2\/pages"}],"about":[{"href":"https:\/\/lindenschule-schwandorf.de\/index.php?rest_route=\/wp\/v2\/types\/page"}],"author":[{"embeddable":true,"href":"https:\/\/lindenschule-schwandorf.de\/index.php?rest_route=\/wp\/v2\/users\/2"}],"replies":[{"embeddable":true,"href":"https:\/\/lindenschule-schwandorf.de\/index.php?rest_route=%2Fwp%2Fv2%2Fcomments&post=1701"}],"version-history":[{"count":8,"href":"https:\/\/lindenschule-schwandorf.de\/index.php?rest_route=\/wp\/v2\/pages\/1701\/revisions"}],"predecessor-version":[{"id":2422,"href":"https:\/\/lindenschule-schwandorf.de\/index.php?rest_route=\/wp\/v2\/pages\/1701\/revisions\/2422"}],"wp:attachment":[{"href":"https:\/\/lindenschule-schwandorf.de\/index.php?rest_route=%2Fwp%2Fv2%2Fmedia&parent=1701"}],"curies":[{"name":"wp","href":"https:\/\/api.w.org\/{rel}","templated":true}]}}