{"id":1015,"date":"2022-02-16T16:26:34","date_gmt":"2022-02-16T16:26:34","guid":{"rendered":"https:\/\/lindenschule-schwandorf.de\/?page_id=1015"},"modified":"2022-02-16T16:32:37","modified_gmt":"2022-02-16T16:32:37","slug":"fruehling","status":"publish","type":"page","link":"https:\/\/lindenschule-schwandorf.de\/?page_id=1015","title":{"rendered":"Fr\u00fchling"},"content":{"rendered":"<style>.wp-show-posts-columns#wpsp-1027 {margin-left: -2em; }.wp-show-posts-columns#wpsp-1027 .wp-show-posts-inner {margin: 0 0 2em 2em; }<\/style><section id=\"wpsp-1027\" class=\" wp-show-posts\" style=\"\"><article class=\" wp-show-posts-single wpsp-clearfix post-3170 post type-post status-publish format-standard hentry category-aktuell category-fruehling\" itemtype=\"http:\/\/schema.org\/CreativeWork\" itemscope><div class=\"wp-show-posts-inner\" style=\"\">\t\t\t\t\t\t<header class=\"wp-show-posts-entry-header\">\n\t\t\t\t\t\t\t<h2 class=\"wp-show-posts-entry-title\" itemprop=\"headline\"><a href=\"https:\/\/lindenschule-schwandorf.de\/?p=3170\" rel=\"bookmark\">Leckeres Osterfr\u00fchst\u00fcck<\/a><\/h2><div class=\"wp-show-posts-entry-meta wp-show-posts-entry-meta-below-title post-meta-inline\"><span class=\"wp-show-posts-posted-on wp-show-posts-meta\">\n\t\t\t\t\t<a href=\"https:\/\/lindenschule-schwandorf.de\/?p=3170\" title=\"10:35 a.m.\" rel=\"bookmark\"><time class=\"wp-show-posts-entry-date published\" datetime=\"2026-03-27T10:35:02+00:00\" itemprop=\"datePublished\">M\u00e4rz 27, 2026<\/time><time class=\"wp-show-posts-updated\" datetime=\"2026-03-28T10:36:32+00:00\" itemprop=\"dateModified\">M\u00e4rz 28, 2026<\/time><\/a>\n\t\t\t\t<\/span><\/div>\t\t\t\t\t\t<\/header><!-- .entry-header -->\n\t\t\t\t\t\t\t\t\t\t\t<div class=\"wp-show-posts-entry-content\" itemprop=\"text\">\n\t\t\t\t\t\t\t\n<p>&#8230;und erfolgreiche Osternestsuch der Klasse 1b<\/p>\n\n\n\n<figure class=\"wp-block-image size-large\"><img fetchpriority=\"high\" fetchpriority=\"high\" decoding=\"async\" width=\"1024\" height=\"768\" src=\"https:\/\/lindenschule-schwandorf.de\/wp-content\/uploads\/2026\/03\/IMG_9636-1024x768.jpeg\" alt=\"\" class=\"wp-image-3171\" srcset=\"https:\/\/lindenschule-schwandorf.de\/wp-content\/uploads\/2026\/03\/IMG_9636-1024x768.jpeg 1024w, https:\/\/lindenschule-schwandorf.de\/wp-content\/uploads\/2026\/03\/IMG_9636-300x225.jpeg 300w, https:\/\/lindenschule-schwandorf.de\/wp-content\/uploads\/2026\/03\/IMG_9636-768x576.jpeg 768w, https:\/\/lindenschule-schwandorf.de\/wp-content\/uploads\/2026\/03\/IMG_9636-1536x1152.jpeg 1536w, https:\/\/lindenschule-schwandorf.de\/wp-content\/uploads\/2026\/03\/IMG_9636.jpeg 1920w\" sizes=\"(max-width: 706px) 89vw, (max-width: 767px) 82vw, 740px\" \/><\/figure>\n\n\n\n<figure class=\"wp-block-gallery has-nested-images columns-default is-cropped wp-block-gallery-1 is-layout-flex wp-block-gallery-is-layout-flex\">\n<figure class=\"wp-block-image size-large\"><img decoding=\"async\" width=\"768\" height=\"1024\" data-id=\"3172\" src=\"https:\/\/lindenschule-schwandorf.de\/wp-content\/uploads\/2026\/03\/IMG_9621-768x1024.jpeg\" alt=\"\" class=\"wp-image-3172\" srcset=\"https:\/\/lindenschule-schwandorf.de\/wp-content\/uploads\/2026\/03\/IMG_9621-768x1024.jpeg 768w, https:\/\/lindenschule-schwandorf.de\/wp-content\/uploads\/2026\/03\/IMG_9621-225x300.jpeg 225w, https:\/\/lindenschule-schwandorf.de\/wp-content\/uploads\/2026\/03\/IMG_9621-1152x1536.jpeg 1152w, https:\/\/lindenschule-schwandorf.de\/wp-content\/uploads\/2026\/03\/IMG_9621.jpeg 1440w\" sizes=\"(max-width: 706px) 89vw, (max-width: 767px) 82vw, 740px\" \/><\/figure>\n\n\n\n<figure class=\"wp-block-image size-large\"><img decoding=\"async\" width=\"768\" height=\"1024\" data-id=\"3173\" src=\"https:\/\/lindenschule-schwandorf.de\/wp-content\/uploads\/2026\/03\/IMG_9623-768x1024.jpeg\" alt=\"\" class=\"wp-image-3173\" srcset=\"https:\/\/lindenschule-schwandorf.de\/wp-content\/uploads\/2026\/03\/IMG_9623-768x1024.jpeg 768w, https:\/\/lindenschule-schwandorf.de\/wp-content\/uploads\/2026\/03\/IMG_9623-225x300.jpeg 225w, https:\/\/lindenschule-schwandorf.de\/wp-content\/uploads\/2026\/03\/IMG_9623-1152x1536.jpeg 1152w, https:\/\/lindenschule-schwandorf.de\/wp-content\/uploads\/2026\/03\/IMG_9623.jpeg 1440w\" sizes=\"(max-width: 706px) 89vw, (max-width: 767px) 82vw, 740px\" \/><\/figure>\n\n\n\n<figure class=\"wp-block-image size-large\"><img loading=\"lazy\" loading=\"lazy\" decoding=\"async\" width=\"768\" height=\"1024\" data-id=\"3174\" src=\"https:\/\/lindenschule-schwandorf.de\/wp-content\/uploads\/2026\/03\/IMG_9624-768x1024.jpeg\" alt=\"\" class=\"wp-image-3174\" srcset=\"https:\/\/lindenschule-schwandorf.de\/wp-content\/uploads\/2026\/03\/IMG_9624-768x1024.jpeg 768w, https:\/\/lindenschule-schwandorf.de\/wp-content\/uploads\/2026\/03\/IMG_9624-225x300.jpeg 225w, https:\/\/lindenschule-schwandorf.de\/wp-content\/uploads\/2026\/03\/IMG_9624-1152x1536.jpeg 1152w, https:\/\/lindenschule-schwandorf.de\/wp-content\/uploads\/2026\/03\/IMG_9624.jpeg 1440w\" sizes=\"auto, (max-width: 706px) 89vw, (max-width: 767px) 82vw, 740px\" \/><\/figure>\n<\/figure>\n\t\t\t\t\t\t<\/div><!-- .entry-content -->\n\t\t\t\t\t<\/div><!-- wp-show-posts-inner --><div class=\"wpsp-clear\"><\/div><\/article><article class=\" wp-show-posts-single wpsp-clearfix post-3159 post type-post status-publish format-standard hentry category-aktuell category-fruehling\" itemtype=\"http:\/\/schema.org\/CreativeWork\" itemscope><div class=\"wp-show-posts-inner\" style=\"\">\t\t\t\t\t\t<header class=\"wp-show-posts-entry-header\">\n\t\t\t\t\t\t\t<h2 class=\"wp-show-posts-entry-title\" itemprop=\"headline\"><a href=\"https:\/\/lindenschule-schwandorf.de\/?p=3159\" rel=\"bookmark\">Sportschnupperstunde f\u00fcr die Vorschulkinder<\/a><\/h2><div class=\"wp-show-posts-entry-meta wp-show-posts-entry-meta-below-title post-meta-inline\"><span class=\"wp-show-posts-posted-on wp-show-posts-meta\">\n\t\t\t\t\t<a href=\"https:\/\/lindenschule-schwandorf.de\/?p=3159\" title=\"10:55 a.m.\" rel=\"bookmark\"><time class=\"wp-show-posts-entry-date published\" datetime=\"2026-03-12T10:55:44+00:00\" itemprop=\"datePublished\">M\u00e4rz 12, 2026<\/time><time class=\"wp-show-posts-updated\" datetime=\"2026-03-17T10:56:31+00:00\" itemprop=\"dateModified\">M\u00e4rz 17, 2026<\/time><\/a>\n\t\t\t\t<\/span><\/div>\t\t\t\t\t\t<\/header><!-- .entry-header -->\n\t\t\t\t\t\t\t\t\t\t\t<div class=\"wp-show-posts-entry-content\" itemprop=\"text\">\n\t\t\t\t\t\t\t\n<figure class=\"wp-block-gallery has-nested-images columns-default is-cropped wp-block-gallery-2 is-layout-flex wp-block-gallery-is-layout-flex\">\n<figure class=\"wp-block-image size-large\"><img loading=\"lazy\" loading=\"lazy\" decoding=\"async\" width=\"1024\" height=\"768\" data-id=\"3160\" src=\"https:\/\/lindenschule-schwandorf.de\/wp-content\/uploads\/2026\/03\/IMG_20260305_081332-1024x768.jpg\" alt=\"\" class=\"wp-image-3160\" srcset=\"https:\/\/lindenschule-schwandorf.de\/wp-content\/uploads\/2026\/03\/IMG_20260305_081332-1024x768.jpg 1024w, https:\/\/lindenschule-schwandorf.de\/wp-content\/uploads\/2026\/03\/IMG_20260305_081332-300x225.jpg 300w, https:\/\/lindenschule-schwandorf.de\/wp-content\/uploads\/2026\/03\/IMG_20260305_081332-768x576.jpg 768w, https:\/\/lindenschule-schwandorf.de\/wp-content\/uploads\/2026\/03\/IMG_20260305_081332-1536x1152.jpg 1536w, https:\/\/lindenschule-schwandorf.de\/wp-content\/uploads\/2026\/03\/IMG_20260305_081332-2048x1536.jpg 2048w\" sizes=\"auto, (max-width: 706px) 89vw, (max-width: 767px) 82vw, 740px\" \/><\/figure>\n\n\n\n<figure class=\"wp-block-image size-large\"><img loading=\"lazy\" loading=\"lazy\" decoding=\"async\" width=\"768\" height=\"1024\" data-id=\"3162\" src=\"https:\/\/lindenschule-schwandorf.de\/wp-content\/uploads\/2026\/03\/IMG_20260305_081531-768x1024.jpg\" alt=\"\" class=\"wp-image-3162\" srcset=\"https:\/\/lindenschule-schwandorf.de\/wp-content\/uploads\/2026\/03\/IMG_20260305_081531-768x1024.jpg 768w, https:\/\/lindenschule-schwandorf.de\/wp-content\/uploads\/2026\/03\/IMG_20260305_081531-225x300.jpg 225w, https:\/\/lindenschule-schwandorf.de\/wp-content\/uploads\/2026\/03\/IMG_20260305_081531-1152x1536.jpg 1152w, https:\/\/lindenschule-schwandorf.de\/wp-content\/uploads\/2026\/03\/IMG_20260305_081531-1536x2048.jpg 1536w, https:\/\/lindenschule-schwandorf.de\/wp-content\/uploads\/2026\/03\/IMG_20260305_081531-scaled.jpg 1920w\" sizes=\"auto, (max-width: 706px) 89vw, (max-width: 767px) 82vw, 740px\" \/><\/figure>\n\n\n\n<figure class=\"wp-block-image size-large\"><img loading=\"lazy\" loading=\"lazy\" decoding=\"async\" width=\"1024\" height=\"768\" data-id=\"3161\" src=\"https:\/\/lindenschule-schwandorf.de\/wp-content\/uploads\/2026\/03\/IMG_20260305_082434-1024x768.jpg\" alt=\"\" class=\"wp-image-3161\" srcset=\"https:\/\/lindenschule-schwandorf.de\/wp-content\/uploads\/2026\/03\/IMG_20260305_082434-1024x768.jpg 1024w, https:\/\/lindenschule-schwandorf.de\/wp-content\/uploads\/2026\/03\/IMG_20260305_082434-300x225.jpg 300w, https:\/\/lindenschule-schwandorf.de\/wp-content\/uploads\/2026\/03\/IMG_20260305_082434-768x576.jpg 768w, https:\/\/lindenschule-schwandorf.de\/wp-content\/uploads\/2026\/03\/IMG_20260305_082434-1536x1152.jpg 1536w, https:\/\/lindenschule-schwandorf.de\/wp-content\/uploads\/2026\/03\/IMG_20260305_082434-2048x1536.jpg 2048w\" sizes=\"auto, (max-width: 706px) 89vw, (max-width: 767px) 82vw, 740px\" \/><\/figure>\n<\/figure>\n\t\t\t\t\t\t<\/div><!-- .entry-content -->\n\t\t\t\t\t<\/div><!-- wp-show-posts-inner --><div class=\"wpsp-clear\"><\/div><\/article><article class=\" wp-show-posts-single wpsp-clearfix post-3147 post type-post status-publish format-standard hentry category-aktuell category-fruehling\" itemtype=\"http:\/\/schema.org\/CreativeWork\" itemscope><div class=\"wp-show-posts-inner\" style=\"\">\t\t\t\t\t\t<header class=\"wp-show-posts-entry-header\">\n\t\t\t\t\t\t\t<h2 class=\"wp-show-posts-entry-title\" itemprop=\"headline\"><a href=\"https:\/\/lindenschule-schwandorf.de\/?p=3147\" rel=\"bookmark\">Ern\u00e4hrungsworkshop der Baywa-Stiftung<\/a><\/h2><div class=\"wp-show-posts-entry-meta wp-show-posts-entry-meta-below-title post-meta-inline\"><span class=\"wp-show-posts-posted-on wp-show-posts-meta\">\n\t\t\t\t\t<a href=\"https:\/\/lindenschule-schwandorf.de\/?p=3147\" title=\"4:04 p.m.\" rel=\"bookmark\"><time class=\"wp-show-posts-entry-date published\" datetime=\"2026-03-06T16:04:42+00:00\" itemprop=\"datePublished\">M\u00e4rz 6, 2026<\/time><time class=\"wp-show-posts-updated\" datetime=\"2026-03-12T16:07:54+00:00\" itemprop=\"dateModified\">M\u00e4rz 12, 2026<\/time><\/a>\n\t\t\t\t<\/span><\/div>\t\t\t\t\t\t<\/header><!-- .entry-header -->\n\t\t\t\t\t\t\t\t\t\t\t<div class=\"wp-show-posts-entry-content\" itemprop=\"text\">\n\t\t\t\t\t\t\t\n<p>Am Freitag hatten die 2. Klassen einen Ern\u00e4hrungsworkshop von der Baywa-Stifung inklusive gesundem Fr\u00fchst\u00fcck.<\/p>\n\n\n\n<figure class=\"wp-block-gallery has-nested-images columns-default is-cropped wp-block-gallery-3 is-layout-flex wp-block-gallery-is-layout-flex\">\n<figure class=\"wp-block-image size-large\"><img loading=\"lazy\" loading=\"lazy\" decoding=\"async\" width=\"768\" height=\"1024\" data-id=\"3149\" src=\"https:\/\/lindenschule-schwandorf.de\/wp-content\/uploads\/2026\/03\/IMG_2736-768x1024.jpeg\" alt=\"\" class=\"wp-image-3149\" srcset=\"https:\/\/lindenschule-schwandorf.de\/wp-content\/uploads\/2026\/03\/IMG_2736-768x1024.jpeg 768w, https:\/\/lindenschule-schwandorf.de\/wp-content\/uploads\/2026\/03\/IMG_2736-225x300.jpeg 225w, https:\/\/lindenschule-schwandorf.de\/wp-content\/uploads\/2026\/03\/IMG_2736-1152x1536.jpeg 1152w, https:\/\/lindenschule-schwandorf.de\/wp-content\/uploads\/2026\/03\/IMG_2736-1536x2048.jpeg 1536w, https:\/\/lindenschule-schwandorf.de\/wp-content\/uploads\/2026\/03\/IMG_2736-scaled.jpeg 1920w\" sizes=\"auto, (max-width: 706px) 89vw, (max-width: 767px) 82vw, 740px\" \/><\/figure>\n\n\n\n<figure class=\"wp-block-image size-large\"><img loading=\"lazy\" loading=\"lazy\" decoding=\"async\" width=\"768\" height=\"1024\" data-id=\"3148\" src=\"https:\/\/lindenschule-schwandorf.de\/wp-content\/uploads\/2026\/03\/IMG_0625-768x1024.jpeg\" alt=\"\" class=\"wp-image-3148\" srcset=\"https:\/\/lindenschule-schwandorf.de\/wp-content\/uploads\/2026\/03\/IMG_0625-768x1024.jpeg 768w, https:\/\/lindenschule-schwandorf.de\/wp-content\/uploads\/2026\/03\/IMG_0625-225x300.jpeg 225w, https:\/\/lindenschule-schwandorf.de\/wp-content\/uploads\/2026\/03\/IMG_0625-1152x1536.jpeg 1152w, https:\/\/lindenschule-schwandorf.de\/wp-content\/uploads\/2026\/03\/IMG_0625.jpeg 1440w\" sizes=\"auto, (max-width: 706px) 89vw, (max-width: 767px) 82vw, 740px\" \/><\/figure>\n<\/figure>\n\n\n\n<figure class=\"wp-block-gallery has-nested-images columns-default is-cropped wp-block-gallery-4 is-layout-flex wp-block-gallery-is-layout-flex\">\n<figure class=\"wp-block-image size-large\"><img loading=\"lazy\" loading=\"lazy\" decoding=\"async\" width=\"768\" height=\"1024\" data-id=\"3150\" src=\"https:\/\/lindenschule-schwandorf.de\/wp-content\/uploads\/2026\/03\/IMG_0634-768x1024.jpeg\" alt=\"\" class=\"wp-image-3150\" srcset=\"https:\/\/lindenschule-schwandorf.de\/wp-content\/uploads\/2026\/03\/IMG_0634-768x1024.jpeg 768w, https:\/\/lindenschule-schwandorf.de\/wp-content\/uploads\/2026\/03\/IMG_0634-225x300.jpeg 225w, https:\/\/lindenschule-schwandorf.de\/wp-content\/uploads\/2026\/03\/IMG_0634-1152x1536.jpeg 1152w, https:\/\/lindenschule-schwandorf.de\/wp-content\/uploads\/2026\/03\/IMG_0634.jpeg 1440w\" sizes=\"auto, (max-width: 706px) 89vw, (max-width: 767px) 82vw, 740px\" \/><\/figure>\n\n\n\n<figure class=\"wp-block-image size-large\"><img loading=\"lazy\" loading=\"lazy\" decoding=\"async\" width=\"768\" height=\"1024\" data-id=\"3151\" src=\"https:\/\/lindenschule-schwandorf.de\/wp-content\/uploads\/2026\/03\/IMG_2744-768x1024.jpeg\" alt=\"\" class=\"wp-image-3151\" srcset=\"https:\/\/lindenschule-schwandorf.de\/wp-content\/uploads\/2026\/03\/IMG_2744-768x1024.jpeg 768w, https:\/\/lindenschule-schwandorf.de\/wp-content\/uploads\/2026\/03\/IMG_2744-225x300.jpeg 225w, https:\/\/lindenschule-schwandorf.de\/wp-content\/uploads\/2026\/03\/IMG_2744-1152x1536.jpeg 1152w, https:\/\/lindenschule-schwandorf.de\/wp-content\/uploads\/2026\/03\/IMG_2744-1536x2048.jpeg 1536w, https:\/\/lindenschule-schwandorf.de\/wp-content\/uploads\/2026\/03\/IMG_2744-scaled.jpeg 1920w\" sizes=\"auto, (max-width: 706px) 89vw, (max-width: 767px) 82vw, 740px\" \/><\/figure>\n<\/figure>\n\t\t\t\t\t\t<\/div><!-- .entry-content -->\n\t\t\t\t\t<\/div><!-- wp-show-posts-inner --><div class=\"wpsp-clear\"><\/div><\/article><article class=\" wp-show-posts-single wpsp-clearfix post-3139 post type-post status-publish format-standard hentry category-aktuell category-fruehling\" itemtype=\"http:\/\/schema.org\/CreativeWork\" itemscope><div class=\"wp-show-posts-inner\" style=\"\">\t\t\t\t\t\t<header class=\"wp-show-posts-entry-header\">\n\t\t\t\t\t\t\t<h2 class=\"wp-show-posts-entry-title\" itemprop=\"headline\"><a href=\"https:\/\/lindenschule-schwandorf.de\/?p=3139\" rel=\"bookmark\">Auf einmal ist alles anders an der Lindenschule Schwandorf.<\/a><\/h2><div class=\"wp-show-posts-entry-meta wp-show-posts-entry-meta-below-title post-meta-inline\"><span class=\"wp-show-posts-posted-on wp-show-posts-meta\">\n\t\t\t\t\t<a href=\"https:\/\/lindenschule-schwandorf.de\/?p=3139\" title=\"7:08 a.m.\" rel=\"bookmark\"><time class=\"wp-show-posts-entry-date published\" datetime=\"2026-03-04T07:08:29+00:00\" itemprop=\"datePublished\">M\u00e4rz 4, 2026<\/time><time class=\"wp-show-posts-updated\" datetime=\"2026-03-25T14:30:06+00:00\" itemprop=\"dateModified\">M\u00e4rz 25, 2026<\/time><\/a>\n\t\t\t\t<\/span><\/div>\t\t\t\t\t\t<\/header><!-- .entry-header -->\n\t\t\t\t\t\t\t\t\t\t\t<div class=\"wp-show-posts-entry-content\" itemprop=\"text\">\n\t\t\t\t\t\t\t\n<p>Die Schauspieler des mobilen Schultheaters ,&nbsp;<strong>uetheater<\/strong>&nbsp;<strong>Regensburg<\/strong>,<strong>&nbsp;<\/strong>brachten mit dem St\u00fcck \u201eAuf einmal ist alles anders\u201c den gewohnten Schulablauf der 1. und 2. Klassen im positiven Sinne durcheinander.<\/p>\n\n\n\n<p>Das St\u00fcck mit dem Ziel der F\u00f6rderung von Resilienz und Selbstwertgef\u00fchl bei Kindern,&nbsp;wurde 2024 vom Bundesministerium f\u00fcr Familie, Senioren, Frauen und Jugend im Rahmen des Bundesprogramms \u201eDemokratie leben!\u201c gef\u00f6rdert.<\/p>\n\n\n\n<p>Das interaktive, suchtpr\u00e4ventive Theaterst\u00fcck nimmt die Kinder mit in die Welt des kleinen Hasis, das durch einen&nbsp;Trauerfall in eine tiefe Krise st\u00fcrzt und zutiefst traurig ist.<\/p>\n\n\n\n<p>Spielerisch lernten die Kinder, dass man \u00fcber negative und positive Gef\u00fchle gleicherma\u00dfen reden darf, dass Schicksalsschl\u00e4ge zu jedem Leben dazu geh\u00f6ren und dass ein offener Umgang damit stark machen kann.<\/p>\n\n\n\n<p>Finanziert wurde das Projekt \u00fcber das F\u00f6rderprogramm \u201eStartchancen Programm\u201c des Bayerischen Staatsministeriums f\u00fcr Unterricht und Kultus. Die Organisation lag bei unserem Partner der Johanniter-Unfall-Hilfe e.V., Jugendsozialarbeit, Frau Schiller.<\/p>\n\n\n\n<figure class=\"wp-block-image size-large\"><img loading=\"lazy\" loading=\"lazy\" decoding=\"async\" width=\"1024\" height=\"768\" src=\"https:\/\/lindenschule-schwandorf.de\/wp-content\/uploads\/2026\/03\/3b068316-93fc-4204-86f7-63435377cf1c-1024x768.jpg\" alt=\"\" class=\"wp-image-3140\" srcset=\"https:\/\/lindenschule-schwandorf.de\/wp-content\/uploads\/2026\/03\/3b068316-93fc-4204-86f7-63435377cf1c-1024x768.jpg 1024w, https:\/\/lindenschule-schwandorf.de\/wp-content\/uploads\/2026\/03\/3b068316-93fc-4204-86f7-63435377cf1c-300x225.jpg 300w, https:\/\/lindenschule-schwandorf.de\/wp-content\/uploads\/2026\/03\/3b068316-93fc-4204-86f7-63435377cf1c-768x576.jpg 768w, https:\/\/lindenschule-schwandorf.de\/wp-content\/uploads\/2026\/03\/3b068316-93fc-4204-86f7-63435377cf1c-1536x1152.jpg 1536w, https:\/\/lindenschule-schwandorf.de\/wp-content\/uploads\/2026\/03\/3b068316-93fc-4204-86f7-63435377cf1c.jpg 2040w\" sizes=\"auto, (max-width: 706px) 89vw, (max-width: 767px) 82vw, 740px\" \/><\/figure>\n\n\n\n<figure class=\"wp-block-image size-large\"><img loading=\"lazy\" loading=\"lazy\" decoding=\"async\" width=\"768\" height=\"1024\" src=\"https:\/\/lindenschule-schwandorf.de\/wp-content\/uploads\/2026\/03\/IMG_2684-768x1024.jpeg\" alt=\"\" class=\"wp-image-3141\" srcset=\"https:\/\/lindenschule-schwandorf.de\/wp-content\/uploads\/2026\/03\/IMG_2684-768x1024.jpeg 768w, https:\/\/lindenschule-schwandorf.de\/wp-content\/uploads\/2026\/03\/IMG_2684-225x300.jpeg 225w, https:\/\/lindenschule-schwandorf.de\/wp-content\/uploads\/2026\/03\/IMG_2684-1152x1536.jpeg 1152w, https:\/\/lindenschule-schwandorf.de\/wp-content\/uploads\/2026\/03\/IMG_2684-1536x2048.jpeg 1536w, https:\/\/lindenschule-schwandorf.de\/wp-content\/uploads\/2026\/03\/IMG_2684-scaled.jpeg 1920w\" sizes=\"auto, (max-width: 706px) 89vw, (max-width: 767px) 82vw, 740px\" \/><\/figure>\n\t\t\t\t\t\t<\/div><!-- .entry-content -->\n\t\t\t\t\t<\/div><!-- wp-show-posts-inner --><div class=\"wpsp-clear\"><\/div><\/article><\/section><!-- .wp-show-posts -->\n","protected":false},"excerpt":{"rendered":"","protected":false},"author":1,"featured_media":0,"parent":0,"menu_order":0,"comment_status":"closed","ping_status":"closed","template":"","meta":{"footnotes":""},"class_list":["post-1015","page","type-page","status-publish","hentry"],"_links":{"self":[{"href":"https:\/\/lindenschule-schwandorf.de\/index.php?rest_route=\/wp\/v2\/pages\/1015","targetHints":{"allow":["GET"]}}],"collection":[{"href":"https:\/\/lindenschule-schwandorf.de\/index.php?rest_route=\/wp\/v2\/pages"}],"about":[{"href":"https:\/\/lindenschule-schwandorf.de\/index.php?rest_route=\/wp\/v2\/types\/page"}],"author":[{"embeddable":true,"href":"https:\/\/lindenschule-schwandorf.de\/index.php?rest_route=\/wp\/v2\/users\/1"}],"replies":[{"embeddable":true,"href":"https:\/\/lindenschule-schwandorf.de\/index.php?rest_route=%2Fwp%2Fv2%2Fcomments&post=1015"}],"version-history":[{"count":3,"href":"https:\/\/lindenschule-schwandorf.de\/index.php?rest_route=\/wp\/v2\/pages\/1015\/revisions"}],"predecessor-version":[{"id":1029,"href":"https:\/\/lindenschule-schwandorf.de\/index.php?rest_route=\/wp\/v2\/pages\/1015\/revisions\/1029"}],"wp:attachment":[{"href":"https:\/\/lindenschule-schwandorf.de\/index.php?rest_route=%2Fwp%2Fv2%2Fmedia&parent=1015"}],"curies":[{"name":"wp","href":"https:\/\/api.w.org\/{rel}","templated":true}]}}